{"id":299,"date":"2015-02-25T13:12:22","date_gmt":"2015-02-25T13:12:22","guid":{"rendered":"https:\/\/smart-translate.info\/?page_id=299"},"modified":"2021-10-08T12:42:36","modified_gmt":"2021-10-08T12:42:36","slug":"specialisations-2","status":"publish","type":"page","link":"https:\/\/smart-translate.info\/fr\/specialisations-2\/","title":{"rendered":"Sp\u00e9cialisations"},"content":{"rendered":"<div class=\"panel-grid\" id=\"pg-299-0\" > <div class=\"panel-row-style-default panel-row-style\" ><div class=\"container\"><div class=\"panel-grid-cell\" id=\"pgc-299-0-0\" ><div class=\"panel-builder widget-builder widget_origin_spacer panel-first-child\" id=\"panel-299-0-0-0\"><div class=\"origin-widget origin-widget-spacer origin-widget-spacer-simple-blank\"><div style=\"margin-bottom:60px;\"><\/div>\n<\/div><\/div><div class=\"panel-builder widget-builder widget_origin_title\" id=\"panel-299-0-0-1\"><div class=\"origin-widget origin-widget-title origin-widget-title-simple-simple align-center text-noraml\"><h2  class=\"align-center\">\n\tMes principaux domaines d\u2019expertise sont :<\/h2>\n<\/div><\/div><div class=\"panel-builder widget-builder widget_origin_spacer panel-last-child\" id=\"panel-299-0-0-2\"><div class=\"origin-widget origin-widget-spacer origin-widget-spacer-simple-blank\"><div style=\"margin-bottom:20px;\"><\/div>\n<\/div><\/div><\/div><div class=\"panel-grid-cell\" id=\"pgc-299-0-1\" >&nbsp;<\/div><\/div><\/div><\/div><div class=\"panel-grid\" id=\"pg-299-1\" > <div class=\"panel-row-style-default panel-row-style\" ><div class=\"container\"><div class=\"panel-grid-cell\" id=\"pgc-299-1-0\" ><div class=\"panel-builder widget-builder widget_origin_list panel-first-child\" id=\"panel-299-1-0-0\"><div class=\"origin-widget origin-widget-list origin-widget-list-default-default text-dark\"><div class=\"list-body \">\n<ul>\n<li><i class='fa fa-check-square-o'><\/i>Entreprise et gestion <\/li>\n<li><i class='fa fa-check-square-o'><\/i>Commerce et marketing<\/li>\n<li><i class='fa fa-check-square-o'><\/i>Production industrielle<\/li>\n<li><i class='fa fa-check-square-o'><\/i>Mati\u00e8res plastiques<\/li>\n<li><i class='fa fa-check-square-o'><\/i>Transport et exp\u00e9dition maritime <\/li>\n<\/ul>\n<\/div><\/div><\/div><div class=\"panel-builder widget-builder widget_origin_spacer\" id=\"panel-299-1-0-1\"><div class=\"origin-widget origin-widget-spacer origin-widget-spacer-simple-blank\"><div style=\"margin-bottom:10px;\"><\/div>\n<\/div><\/div><div class=\"well well-sm panel-builder widget-builder widget_text\" id=\"panel-299-1-0-2\">\t\t\t<div class=\"textwidget\">des traductions dans beaucoup d\u2019autres domaines restent \u00e9videmment possibles.<\/div>\n\t\t<\/div><div class=\"panel-builder widget-builder widget_origin_spacer panel-last-child\" id=\"panel-299-1-0-3\"><div class=\"origin-widget origin-widget-spacer origin-widget-spacer-simple-blank\"><div style=\"margin-bottom:50px;\"><\/div>\n<\/div><\/div><\/div><div class=\"panel-grid-cell\" id=\"pgc-299-1-1\" ><div class=\"panel-builder widget-builder widget_origin_list panel-first-child panel-last-child\" id=\"panel-299-1-1-0\"><div class=\"origin-widget origin-widget-list origin-widget-list-default-default text-dark\"><div class=\"list-body \">\n<ul>\n<li><i class='fa fa-check-square-o'><\/i>Environnement et \u00e9cologie<\/li>\n<li><i class='fa fa-check-square-o'><\/i>\u00c9ducation<\/li>\n<li><i class='fa fa-check-square-o'><\/i>Jeux, sports et loisirs<\/li>\n<li><i class='fa fa-check-square-o'><\/i>Voyages, tourisme &amp; g\u00e9ographie<\/li>\n<li><i class='fa fa-check-square-o'><\/i>Ile de la R\u00e9union et les \u00eeles de l\u2019Oc\u00e9an Indien<\/li>\n<\/ul>\n<\/div><\/div><\/div><\/div><div class=\"panel-grid-cell\" id=\"pgc-299-1-2\" ><div class=\"well well-sm panel-builder widget-builder widget_text panel-first-child panel-last-child\" id=\"panel-299-1-2-0\">\t\t\t<div class=\"textwidget\"><img decoding=\"async\"  class=\"picture-border smaller\"   src=\"https:\/\/smart-translate.info\/wp-content\/uploads\/2015\/03\/Depositphotos_63276217_s.jpg\" \/><\/div>\n\t\t<\/div><\/div><\/div><\/div><\/div>","protected":false},"excerpt":{"rendered":"<p>Mes principaux domaines d\u2019expertise sont : &nbsp; Entreprise et gestion Commerce et marketing Production industrielle Mati\u00e8res plastiques Transport et exp\u00e9dition maritime des traductions dans beaucoup d\u2019autres domaines restent \u00e9videmment possibles. Environnement et \u00e9cologie \u00c9ducation Jeux, sports et loisirs Voyages, tourisme &amp; g\u00e9ographie Ile de la R\u00e9union et les \u00eeles de l\u2019Oc\u00e9an Indien<\/p>\n","protected":false},"author":1,"featured_media":0,"parent":0,"menu_order":0,"comment_status":"closed","ping_status":"closed","template":"dikka-page-builder-title.php","meta":{"footnotes":""},"class_list":["post-299","page","type-page","status-publish","hentry"],"yoast_head":"<!-- This site is optimized with the Yoast SEO plugin v23.5 - https:\/\/yoast.com\/wordpress\/plugins\/seo\/ -->\n<title>Sp\u00e9cialisations - Smart Translate<\/title>\n<meta name=\"robots\" content=\"index, follow, max-snippet:-1, max-image-preview:large, max-video-preview:-1\" \/>\n<link rel=\"canonical\" href=\"https:\/\/smart-translate.info\/fr\/specialisations-2\/\" \/>\n<meta property=\"og:locale\" content=\"fr_FR\" \/>\n<meta property=\"og:type\" content=\"article\" \/>\n<meta property=\"og:title\" content=\"Sp\u00e9cialisations - Smart Translate\" \/>\n<meta property=\"og:description\" content=\"Mes principaux domaines d\u2019expertise sont : &nbsp; Entreprise et gestion Commerce et marketing Production industrielle Mati\u00e8res plastiques Transport et exp\u00e9dition maritime des traductions dans beaucoup d\u2019autres domaines restent \u00e9videmment possibles. Environnement et \u00e9cologie \u00c9ducation Jeux, sports et loisirs Voyages, tourisme &amp; g\u00e9ographie Ile de la R\u00e9union et les \u00eeles de l\u2019Oc\u00e9an Indien\" \/>\n<meta property=\"og:url\" content=\"https:\/\/smart-translate.info\/fr\/specialisations-2\/\" \/>\n<meta property=\"og:site_name\" content=\"Smart Translate\" \/>\n<meta property=\"article:publisher\" content=\"https:\/\/www.facebook.com\/Smartranslate\" \/>\n<meta property=\"article:modified_time\" content=\"2021-10-08T12:42:36+00:00\" \/>\n<meta property=\"og:image\" content=\"https:\/\/smart-translate.info\/wp-content\/uploads\/2015\/03\/Depositphotos_63276217_s.jpg\" \/>\n<script type=\"application\/ld+json\" class=\"yoast-schema-graph\">{\"@context\":\"https:\/\/schema.org\",\"@graph\":[{\"@type\":\"WebPage\",\"@id\":\"https:\/\/smart-translate.info\/fr\/specialisations-2\/\",\"url\":\"https:\/\/smart-translate.info\/fr\/specialisations-2\/\",\"name\":\"Sp\u00e9cialisations - Smart Translate\",\"isPartOf\":{\"@id\":\"https:\/\/smart-translate.info\/#website\"},\"primaryImageOfPage\":{\"@id\":\"https:\/\/smart-translate.info\/fr\/specialisations-2\/#primaryimage\"},\"image\":{\"@id\":\"https:\/\/smart-translate.info\/fr\/specialisations-2\/#primaryimage\"},\"thumbnailUrl\":\"https:\/\/smart-translate.info\/wp-content\/uploads\/2015\/03\/Depositphotos_63276217_s.jpg\",\"datePublished\":\"2015-02-25T13:12:22+00:00\",\"dateModified\":\"2021-10-08T12:42:36+00:00\",\"breadcrumb\":{\"@id\":\"https:\/\/smart-translate.info\/fr\/specialisations-2\/#breadcrumb\"},\"inLanguage\":\"fr-FR\",\"potentialAction\":[{\"@type\":\"ReadAction\",\"target\":[\"https:\/\/smart-translate.info\/fr\/specialisations-2\/\"]}]},{\"@type\":\"ImageObject\",\"inLanguage\":\"fr-FR\",\"@id\":\"https:\/\/smart-translate.info\/fr\/specialisations-2\/#primaryimage\",\"url\":\"https:\/\/smart-translate.info\/wp-content\/uploads\/2015\/03\/Depositphotos_63276217_s.jpg\",\"contentUrl\":\"https:\/\/smart-translate.info\/wp-content\/uploads\/2015\/03\/Depositphotos_63276217_s.jpg\"},{\"@type\":\"BreadcrumbList\",\"@id\":\"https:\/\/smart-translate.info\/fr\/specialisations-2\/#breadcrumb\",\"itemListElement\":[{\"@type\":\"ListItem\",\"position\":1,\"name\":\"Home\",\"item\":\"https:\/\/smart-translate.info\/fr\/\"},{\"@type\":\"ListItem\",\"position\":2,\"name\":\"Sp\u00e9cialisations\"}]},{\"@type\":\"WebSite\",\"@id\":\"https:\/\/smart-translate.info\/#website\",\"url\":\"https:\/\/smart-translate.info\/\",\"name\":\"Smart Translate\",\"description\":\"French to English translations\",\"publisher\":{\"@id\":\"https:\/\/smart-translate.info\/#organization\"},\"potentialAction\":[{\"@type\":\"SearchAction\",\"target\":{\"@type\":\"EntryPoint\",\"urlTemplate\":\"https:\/\/smart-translate.info\/?s={search_term_string}\"},\"query-input\":{\"@type\":\"PropertyValueSpecification\",\"valueRequired\":true,\"valueName\":\"search_term_string\"}}],\"inLanguage\":\"fr-FR\"},{\"@type\":\"Organization\",\"@id\":\"https:\/\/smart-translate.info\/#organization\",\"name\":\"Smart Translate\",\"url\":\"https:\/\/smart-translate.info\/\",\"logo\":{\"@type\":\"ImageObject\",\"inLanguage\":\"fr-FR\",\"@id\":\"https:\/\/smart-translate.info\/#\/schema\/logo\/image\/\",\"url\":\"https:\/\/smart-translate.info\/wp-content\/uploads\/2021\/01\/Smart-Translate-LOGO-Grand.jpg\",\"contentUrl\":\"https:\/\/smart-translate.info\/wp-content\/uploads\/2021\/01\/Smart-Translate-LOGO-Grand.jpg\",\"width\":1525,\"height\":750,\"caption\":\"Smart Translate\"},\"image\":{\"@id\":\"https:\/\/smart-translate.info\/#\/schema\/logo\/image\/\"},\"sameAs\":[\"https:\/\/www.facebook.com\/Smartranslate\",\"https:\/\/x.com\/Smart_Translate\",\"https:\/\/www.instagram.com\/smart.translate\/\",\"https:\/\/www.linkedin.com\/company\/smart-translate\",\"https:\/\/www.youtube.com\/channel\/UCA4qavnGhBpTtp1ut6qy-3w\"]}]}<\/script>\n<!-- \/ Yoast SEO plugin. -->","yoast_head_json":{"title":"Sp\u00e9cialisations - Smart Translate","robots":{"index":"index","follow":"follow","max-snippet":"max-snippet:-1","max-image-preview":"max-image-preview:large","max-video-preview":"max-video-preview:-1"},"canonical":"https:\/\/smart-translate.info\/fr\/specialisations-2\/","og_locale":"fr_FR","og_type":"article","og_title":"Sp\u00e9cialisations - Smart Translate","og_description":"Mes principaux domaines d\u2019expertise sont : &nbsp; Entreprise et gestion Commerce et marketing Production industrielle Mati\u00e8res plastiques Transport et exp\u00e9dition maritime des traductions dans beaucoup d\u2019autres domaines restent \u00e9videmment possibles. Environnement et \u00e9cologie \u00c9ducation Jeux, sports et loisirs Voyages, tourisme &amp; g\u00e9ographie Ile de la R\u00e9union et les \u00eeles de l\u2019Oc\u00e9an Indien","og_url":"https:\/\/smart-translate.info\/fr\/specialisations-2\/","og_site_name":"Smart Translate","article_publisher":"https:\/\/www.facebook.com\/Smartranslate","article_modified_time":"2021-10-08T12:42:36+00:00","og_image":[{"url":"https:\/\/smart-translate.info\/wp-content\/uploads\/2015\/03\/Depositphotos_63276217_s.jpg"}],"schema":{"@context":"https:\/\/schema.org","@graph":[{"@type":"WebPage","@id":"https:\/\/smart-translate.info\/fr\/specialisations-2\/","url":"https:\/\/smart-translate.info\/fr\/specialisations-2\/","name":"Sp\u00e9cialisations - Smart Translate","isPartOf":{"@id":"https:\/\/smart-translate.info\/#website"},"primaryImageOfPage":{"@id":"https:\/\/smart-translate.info\/fr\/specialisations-2\/#primaryimage"},"image":{"@id":"https:\/\/smart-translate.info\/fr\/specialisations-2\/#primaryimage"},"thumbnailUrl":"https:\/\/smart-translate.info\/wp-content\/uploads\/2015\/03\/Depositphotos_63276217_s.jpg","datePublished":"2015-02-25T13:12:22+00:00","dateModified":"2021-10-08T12:42:36+00:00","breadcrumb":{"@id":"https:\/\/smart-translate.info\/fr\/specialisations-2\/#breadcrumb"},"inLanguage":"fr-FR","potentialAction":[{"@type":"ReadAction","target":["https:\/\/smart-translate.info\/fr\/specialisations-2\/"]}]},{"@type":"ImageObject","inLanguage":"fr-FR","@id":"https:\/\/smart-translate.info\/fr\/specialisations-2\/#primaryimage","url":"https:\/\/smart-translate.info\/wp-content\/uploads\/2015\/03\/Depositphotos_63276217_s.jpg","contentUrl":"https:\/\/smart-translate.info\/wp-content\/uploads\/2015\/03\/Depositphotos_63276217_s.jpg"},{"@type":"BreadcrumbList","@id":"https:\/\/smart-translate.info\/fr\/specialisations-2\/#breadcrumb","itemListElement":[{"@type":"ListItem","position":1,"name":"Home","item":"https:\/\/smart-translate.info\/fr\/"},{"@type":"ListItem","position":2,"name":"Sp\u00e9cialisations"}]},{"@type":"WebSite","@id":"https:\/\/smart-translate.info\/#website","url":"https:\/\/smart-translate.info\/","name":"Smart Translate","description":"French to English translations","publisher":{"@id":"https:\/\/smart-translate.info\/#organization"},"potentialAction":[{"@type":"SearchAction","target":{"@type":"EntryPoint","urlTemplate":"https:\/\/smart-translate.info\/?s={search_term_string}"},"query-input":{"@type":"PropertyValueSpecification","valueRequired":true,"valueName":"search_term_string"}}],"inLanguage":"fr-FR"},{"@type":"Organization","@id":"https:\/\/smart-translate.info\/#organization","name":"Smart Translate","url":"https:\/\/smart-translate.info\/","logo":{"@type":"ImageObject","inLanguage":"fr-FR","@id":"https:\/\/smart-translate.info\/#\/schema\/logo\/image\/","url":"https:\/\/smart-translate.info\/wp-content\/uploads\/2021\/01\/Smart-Translate-LOGO-Grand.jpg","contentUrl":"https:\/\/smart-translate.info\/wp-content\/uploads\/2021\/01\/Smart-Translate-LOGO-Grand.jpg","width":1525,"height":750,"caption":"Smart Translate"},"image":{"@id":"https:\/\/smart-translate.info\/#\/schema\/logo\/image\/"},"sameAs":["https:\/\/www.facebook.com\/Smartranslate","https:\/\/x.com\/Smart_Translate","https:\/\/www.instagram.com\/smart.translate\/","https:\/\/www.linkedin.com\/company\/smart-translate","https:\/\/www.youtube.com\/channel\/UCA4qavnGhBpTtp1ut6qy-3w"]}]}},"_links":{"self":[{"href":"https:\/\/smart-translate.info\/fr\/wp-json\/wp\/v2\/pages\/299"}],"collection":[{"href":"https:\/\/smart-translate.info\/fr\/wp-json\/wp\/v2\/pages"}],"about":[{"href":"https:\/\/smart-translate.info\/fr\/wp-json\/wp\/v2\/types\/page"}],"author":[{"embeddable":true,"href":"https:\/\/smart-translate.info\/fr\/wp-json\/wp\/v2\/users\/1"}],"replies":[{"embeddable":true,"href":"https:\/\/smart-translate.info\/fr\/wp-json\/wp\/v2\/comments?post=299"}],"version-history":[{"count":6,"href":"https:\/\/smart-translate.info\/fr\/wp-json\/wp\/v2\/pages\/299\/revisions"}],"predecessor-version":[{"id":427,"href":"https:\/\/smart-translate.info\/fr\/wp-json\/wp\/v2\/pages\/299\/revisions\/427"}],"wp:attachment":[{"href":"https:\/\/smart-translate.info\/fr\/wp-json\/wp\/v2\/media?parent=299"}],"curies":[{"name":"wp","href":"https:\/\/api.w.org\/{rel}","templated":true}]}}