{"id":303,"date":"2015-02-25T13:42:16","date_gmt":"2015-02-25T13:42:16","guid":{"rendered":"https:\/\/smart-translate.info\/?page_id=303"},"modified":"2021-10-08T12:38:02","modified_gmt":"2021-10-08T12:38:02","slug":"travail-recent","status":"publish","type":"page","link":"https:\/\/smart-translate.info\/fr\/travail-recent\/","title":{"rendered":"Travail r\u00e9cent"},"content":{"rendered":"<div class=\"panel-grid\" id=\"pg-303-0\" > <div class=\"panel-row-style-default panel-row-style\" ><div class=\"container\"><div class=\"panel-grid-cell\" id=\"pgc-303-0-0\" ><div class=\"panel-builder widget-builder widget_origin_spacer panel-first-child\" id=\"panel-303-0-0-0\"><div class=\"origin-widget origin-widget-spacer origin-widget-spacer-simple-blank\"><div style=\"margin-bottom:60px;\"><\/div>\n<\/div><\/div><div class=\"panel-builder widget-builder widget_origin_title\" id=\"panel-303-0-0-1\"><div class=\"origin-widget origin-widget-title origin-widget-title-simple-simple align-center text-noraml\"><h2  class=\"align-center\">\n\tTravail r\u00e9cent<\/h2>\n<\/div><\/div><div class=\"well well-sm panel-builder widget-builder widget_text\" id=\"panel-303-0-0-2\">\t\t\t<div class=\"textwidget\">Quelques-unes de mes traductions r\u00e9centes :<\/div>\n\t\t<\/div><div class=\"panel-builder widget-builder widget_origin_spacer panel-last-child\" id=\"panel-303-0-0-3\"><div class=\"origin-widget origin-widget-spacer origin-widget-spacer-simple-blank\"><div style=\"margin-bottom:20px;\"><\/div>\n<\/div><\/div><\/div><div class=\"panel-grid-cell\" id=\"pgc-303-0-1\" >&nbsp;<\/div><\/div><\/div><\/div><div class=\"panel-grid\" id=\"pg-303-1\" > <div class=\"panel-row-style-default panel-row-style\" ><div class=\"container\"><div class=\"panel-grid-cell\" id=\"pgc-303-1-0\" ><div class=\"panel-builder widget-builder widget_origin_list panel-first-child\" id=\"panel-303-1-0-0\"><div class=\"origin-widget origin-widget-list origin-widget-list-default-default text-dark\"><div class=\"list-body \">\n<ul>\n<li><i class='fa fa-check-square-o'><\/i>Documents commerciaux divers et vari\u00e9s<\/li>\n<li><i class='fa fa-check-square-o'><\/i>Courriers, fax et e-mails<\/li>\n<li><i class='fa fa-check-square-o'><\/i>Traductions certifi\u00e9es et documents juridiques<\/li>\n<li><i class='fa fa-check-square-o'><\/i>Articles de journaux et communiqu\u00e9s de presse<\/li>\n<li><i class='fa fa-check-square-o'><\/i>Manuels d\u2019utilisation et modes d'emploi<\/li>\n<li><i class='fa fa-check-square-o'><\/i>Applications<\/li>\n<li><i class='fa fa-check-square-o'><\/i>Dialogues de MMORPG (Jeu de r\u00f4le en ligne massivement multi-joueur)<\/li>\n<\/ul>\n<\/div><\/div><\/div><div class=\"panel-builder widget-builder widget_origin_spacer\" id=\"panel-303-1-0-1\"><div class=\"origin-widget origin-widget-spacer origin-widget-spacer-simple-blank\"><div style=\"margin-bottom:10px;\"><\/div>\n<\/div><\/div><div class=\"well well-sm panel-builder widget-builder widget_text\" id=\"panel-303-1-0-2\">\t\t\t<div class=\"textwidget\">Des t\u00e9moignages d\u2019anciens clients sont disponibles <a href=\"mailto:smartranslate@gmail.com\"> sur demande<\/a>. <\/div>\n\t\t<\/div><div class=\"panel-builder widget-builder widget_origin_spacer panel-last-child\" id=\"panel-303-1-0-3\"><div class=\"origin-widget origin-widget-spacer origin-widget-spacer-simple-blank\"><div style=\"margin-bottom:50px;\"><\/div>\n<\/div><\/div><\/div><div class=\"panel-grid-cell\" id=\"pgc-303-1-1\" ><div class=\"panel-builder widget-builder widget_origin_list panel-first-child panel-last-child\" id=\"panel-303-1-1-0\"><div class=\"origin-widget origin-widget-list origin-widget-list-default-default text-dark\"><div class=\"list-body \">\n<ul>\n<li><i class='fa fa-check-square-o'><\/i>Plaquettes, catalogues et brochures<\/li>\n<li><i class='fa fa-check-square-o'><\/i>Livres et romans<\/li>\n<li><i class='fa fa-check-square-o'><\/i>Sites internet<\/li>\n<li><i class='fa fa-check-square-o'><\/i>Contrats<\/li>\n<li><i class='fa fa-check-square-o'><\/i>Pr\u00e9sentations<\/li>\n<li><i class='fa fa-check-square-o'><\/i>Surtitres et livrets d'op\u00e9ra<\/li>\n<li><i class='fa fa-check-square-o'><\/i>Articles de blog <\/li>\n<li><i class='fa fa-check-square-o'><\/i>CVs<\/li>\n<\/ul>\n<\/div><\/div><\/div><\/div><div class=\"panel-grid-cell\" id=\"pgc-303-1-2\" ><div class=\"well well-sm panel-builder widget-builder widget_text panel-first-child panel-last-child\" id=\"panel-303-1-2-0\">\t\t\t<div class=\"textwidget\"><img decoding=\"async\"  class=\"picture-border\"   src=\"https:\/\/smart-translate.info\/wp-content\/uploads\/2015\/03\/Depositphotos_55312247_s1.jpg\" \/><\/div>\n\t\t<\/div><\/div><\/div><\/div><\/div><div class=\"panel-grid\" id=\"pg-303-2\" > <div class=\"panel-row-style-default panel-row-style\" ><div class=\"container\"><div class=\"panel-grid-cell\" id=\"pgc-303-2-0\" ><div class=\"widget_text well well-sm panel-builder widget-builder widget_custom_html panel-first-child panel-last-child\" id=\"panel-303-2-0-0\"><div class=\"textwidget custom-html-widget\"><!-- TrustBox script -->\n<script type=\"text\/javascript\" src=\"\/\/widget.trustpilot.com\/bootstrap\/v5\/tp.widget.bootstrap.min.js\" async><\/script>\n<!-- End TrustBox script -->\n<!-- TrustBox widget - Micro Review Count -->\n<div style=\"margin: -40px 0px 50px\" class=\"trustpilot-widget\" data-locale=\"fr-FR\" data-template-id=\"5419b6a8b0d04a076446a9ad\" data-businessunit-id=\"5e44fe8b94d8c3000152ace7\" data-style-height=\"24px\" data-style-width=\"100%\" data-theme=\"light\">\n  <a href=\"https:\/\/fr.trustpilot.com\/review\/smart-translate.info\" target=\"_blank\" rel=\"noopener\">Trustpilot<\/a>\n<\/div>\n<!-- End TrustBox widget --><\/div><\/div><\/div><\/div><\/div><\/div>","protected":false},"excerpt":{"rendered":"<p>Travail r\u00e9cent Quelques-unes de mes traductions r\u00e9centes : &nbsp; Documents commerciaux divers et vari\u00e9s Courriers, fax et e-mails Traductions certifi\u00e9es et documents juridiques Articles de journaux et communiqu\u00e9s de presse Manuels d\u2019utilisation et modes d&#8217;emploi Applications Dialogues de MMORPG (Jeu de r\u00f4le en ligne massivement multi-joueur) Des t\u00e9moignages d\u2019anciens clients sont disponibles sur demande. Plaquettes, [&hellip;]<a class=\"\" title=\"Read more on Travail r\u00e9cent\" href=\"https:\/\/smart-translate.info\/fr\/travail-recent\/\"> Read more<\/a><\/p>\n","protected":false},"author":1,"featured_media":0,"parent":0,"menu_order":0,"comment_status":"closed","ping_status":"closed","template":"dikka-page-builder-title.php","meta":{"footnotes":""},"class_list":["post-303","page","type-page","status-publish","hentry"],"yoast_head":"<!-- This site is optimized with the Yoast SEO plugin v23.5 - https:\/\/yoast.com\/wordpress\/plugins\/seo\/ -->\n<title>Travail r\u00e9cent - Smart Translate<\/title>\n<meta name=\"robots\" content=\"index, follow, max-snippet:-1, max-image-preview:large, max-video-preview:-1\" \/>\n<link rel=\"canonical\" href=\"https:\/\/smart-translate.info\/fr\/travail-recent\/\" \/>\n<meta property=\"og:locale\" content=\"fr_FR\" \/>\n<meta property=\"og:type\" content=\"article\" \/>\n<meta property=\"og:title\" content=\"Travail r\u00e9cent - Smart Translate\" \/>\n<meta property=\"og:description\" content=\"Travail r\u00e9cent Quelques-unes de mes traductions r\u00e9centes : &nbsp; Documents commerciaux divers et vari\u00e9s Courriers, fax et e-mails Traductions certifi\u00e9es et documents juridiques Articles de journaux et communiqu\u00e9s de presse Manuels d\u2019utilisation et modes d&#039;emploi Applications Dialogues de MMORPG (Jeu de r\u00f4le en ligne massivement multi-joueur) Des t\u00e9moignages d\u2019anciens clients sont disponibles sur demande. Plaquettes, [&hellip;]\" \/>\n<meta property=\"og:url\" content=\"https:\/\/smart-translate.info\/fr\/travail-recent\/\" \/>\n<meta property=\"og:site_name\" content=\"Smart Translate\" \/>\n<meta property=\"article:publisher\" content=\"https:\/\/www.facebook.com\/Smartranslate\" \/>\n<meta property=\"article:modified_time\" content=\"2021-10-08T12:38:02+00:00\" \/>\n<meta property=\"og:image\" content=\"https:\/\/smart-translate.info\/wp-content\/uploads\/2015\/03\/Depositphotos_55312247_s1.jpg\" \/>\n<script type=\"application\/ld+json\" class=\"yoast-schema-graph\">{\"@context\":\"https:\/\/schema.org\",\"@graph\":[{\"@type\":\"WebPage\",\"@id\":\"https:\/\/smart-translate.info\/fr\/travail-recent\/\",\"url\":\"https:\/\/smart-translate.info\/fr\/travail-recent\/\",\"name\":\"Travail r\u00e9cent - Smart Translate\",\"isPartOf\":{\"@id\":\"https:\/\/smart-translate.info\/#website\"},\"primaryImageOfPage\":{\"@id\":\"https:\/\/smart-translate.info\/fr\/travail-recent\/#primaryimage\"},\"image\":{\"@id\":\"https:\/\/smart-translate.info\/fr\/travail-recent\/#primaryimage\"},\"thumbnailUrl\":\"https:\/\/smart-translate.info\/wp-content\/uploads\/2015\/03\/Depositphotos_55312247_s1.jpg\",\"datePublished\":\"2015-02-25T13:42:16+00:00\",\"dateModified\":\"2021-10-08T12:38:02+00:00\",\"breadcrumb\":{\"@id\":\"https:\/\/smart-translate.info\/fr\/travail-recent\/#breadcrumb\"},\"inLanguage\":\"fr-FR\",\"potentialAction\":[{\"@type\":\"ReadAction\",\"target\":[\"https:\/\/smart-translate.info\/fr\/travail-recent\/\"]}]},{\"@type\":\"ImageObject\",\"inLanguage\":\"fr-FR\",\"@id\":\"https:\/\/smart-translate.info\/fr\/travail-recent\/#primaryimage\",\"url\":\"https:\/\/smart-translate.info\/wp-content\/uploads\/2015\/03\/Depositphotos_55312247_s1.jpg\",\"contentUrl\":\"https:\/\/smart-translate.info\/wp-content\/uploads\/2015\/03\/Depositphotos_55312247_s1.jpg\"},{\"@type\":\"BreadcrumbList\",\"@id\":\"https:\/\/smart-translate.info\/fr\/travail-recent\/#breadcrumb\",\"itemListElement\":[{\"@type\":\"ListItem\",\"position\":1,\"name\":\"Home\",\"item\":\"https:\/\/smart-translate.info\/fr\/\"},{\"@type\":\"ListItem\",\"position\":2,\"name\":\"Travail r\u00e9cent\"}]},{\"@type\":\"WebSite\",\"@id\":\"https:\/\/smart-translate.info\/#website\",\"url\":\"https:\/\/smart-translate.info\/\",\"name\":\"Smart Translate\",\"description\":\"French to English translations\",\"publisher\":{\"@id\":\"https:\/\/smart-translate.info\/#organization\"},\"potentialAction\":[{\"@type\":\"SearchAction\",\"target\":{\"@type\":\"EntryPoint\",\"urlTemplate\":\"https:\/\/smart-translate.info\/?s={search_term_string}\"},\"query-input\":{\"@type\":\"PropertyValueSpecification\",\"valueRequired\":true,\"valueName\":\"search_term_string\"}}],\"inLanguage\":\"fr-FR\"},{\"@type\":\"Organization\",\"@id\":\"https:\/\/smart-translate.info\/#organization\",\"name\":\"Smart Translate\",\"url\":\"https:\/\/smart-translate.info\/\",\"logo\":{\"@type\":\"ImageObject\",\"inLanguage\":\"fr-FR\",\"@id\":\"https:\/\/smart-translate.info\/#\/schema\/logo\/image\/\",\"url\":\"https:\/\/smart-translate.info\/wp-content\/uploads\/2021\/01\/Smart-Translate-LOGO-Grand.jpg\",\"contentUrl\":\"https:\/\/smart-translate.info\/wp-content\/uploads\/2021\/01\/Smart-Translate-LOGO-Grand.jpg\",\"width\":1525,\"height\":750,\"caption\":\"Smart Translate\"},\"image\":{\"@id\":\"https:\/\/smart-translate.info\/#\/schema\/logo\/image\/\"},\"sameAs\":[\"https:\/\/www.facebook.com\/Smartranslate\",\"https:\/\/x.com\/Smart_Translate\",\"https:\/\/www.instagram.com\/smart.translate\/\",\"https:\/\/www.linkedin.com\/company\/smart-translate\",\"https:\/\/www.youtube.com\/channel\/UCA4qavnGhBpTtp1ut6qy-3w\"]}]}<\/script>\n<!-- \/ Yoast SEO plugin. -->","yoast_head_json":{"title":"Travail r\u00e9cent - Smart Translate","robots":{"index":"index","follow":"follow","max-snippet":"max-snippet:-1","max-image-preview":"max-image-preview:large","max-video-preview":"max-video-preview:-1"},"canonical":"https:\/\/smart-translate.info\/fr\/travail-recent\/","og_locale":"fr_FR","og_type":"article","og_title":"Travail r\u00e9cent - Smart Translate","og_description":"Travail r\u00e9cent Quelques-unes de mes traductions r\u00e9centes : &nbsp; Documents commerciaux divers et vari\u00e9s Courriers, fax et e-mails Traductions certifi\u00e9es et documents juridiques Articles de journaux et communiqu\u00e9s de presse Manuels d\u2019utilisation et modes d'emploi Applications Dialogues de MMORPG (Jeu de r\u00f4le en ligne massivement multi-joueur) Des t\u00e9moignages d\u2019anciens clients sont disponibles sur demande. Plaquettes, [&hellip;]","og_url":"https:\/\/smart-translate.info\/fr\/travail-recent\/","og_site_name":"Smart Translate","article_publisher":"https:\/\/www.facebook.com\/Smartranslate","article_modified_time":"2021-10-08T12:38:02+00:00","og_image":[{"url":"https:\/\/smart-translate.info\/wp-content\/uploads\/2015\/03\/Depositphotos_55312247_s1.jpg"}],"schema":{"@context":"https:\/\/schema.org","@graph":[{"@type":"WebPage","@id":"https:\/\/smart-translate.info\/fr\/travail-recent\/","url":"https:\/\/smart-translate.info\/fr\/travail-recent\/","name":"Travail r\u00e9cent - Smart Translate","isPartOf":{"@id":"https:\/\/smart-translate.info\/#website"},"primaryImageOfPage":{"@id":"https:\/\/smart-translate.info\/fr\/travail-recent\/#primaryimage"},"image":{"@id":"https:\/\/smart-translate.info\/fr\/travail-recent\/#primaryimage"},"thumbnailUrl":"https:\/\/smart-translate.info\/wp-content\/uploads\/2015\/03\/Depositphotos_55312247_s1.jpg","datePublished":"2015-02-25T13:42:16+00:00","dateModified":"2021-10-08T12:38:02+00:00","breadcrumb":{"@id":"https:\/\/smart-translate.info\/fr\/travail-recent\/#breadcrumb"},"inLanguage":"fr-FR","potentialAction":[{"@type":"ReadAction","target":["https:\/\/smart-translate.info\/fr\/travail-recent\/"]}]},{"@type":"ImageObject","inLanguage":"fr-FR","@id":"https:\/\/smart-translate.info\/fr\/travail-recent\/#primaryimage","url":"https:\/\/smart-translate.info\/wp-content\/uploads\/2015\/03\/Depositphotos_55312247_s1.jpg","contentUrl":"https:\/\/smart-translate.info\/wp-content\/uploads\/2015\/03\/Depositphotos_55312247_s1.jpg"},{"@type":"BreadcrumbList","@id":"https:\/\/smart-translate.info\/fr\/travail-recent\/#breadcrumb","itemListElement":[{"@type":"ListItem","position":1,"name":"Home","item":"https:\/\/smart-translate.info\/fr\/"},{"@type":"ListItem","position":2,"name":"Travail r\u00e9cent"}]},{"@type":"WebSite","@id":"https:\/\/smart-translate.info\/#website","url":"https:\/\/smart-translate.info\/","name":"Smart Translate","description":"French to English translations","publisher":{"@id":"https:\/\/smart-translate.info\/#organization"},"potentialAction":[{"@type":"SearchAction","target":{"@type":"EntryPoint","urlTemplate":"https:\/\/smart-translate.info\/?s={search_term_string}"},"query-input":{"@type":"PropertyValueSpecification","valueRequired":true,"valueName":"search_term_string"}}],"inLanguage":"fr-FR"},{"@type":"Organization","@id":"https:\/\/smart-translate.info\/#organization","name":"Smart Translate","url":"https:\/\/smart-translate.info\/","logo":{"@type":"ImageObject","inLanguage":"fr-FR","@id":"https:\/\/smart-translate.info\/#\/schema\/logo\/image\/","url":"https:\/\/smart-translate.info\/wp-content\/uploads\/2021\/01\/Smart-Translate-LOGO-Grand.jpg","contentUrl":"https:\/\/smart-translate.info\/wp-content\/uploads\/2021\/01\/Smart-Translate-LOGO-Grand.jpg","width":1525,"height":750,"caption":"Smart Translate"},"image":{"@id":"https:\/\/smart-translate.info\/#\/schema\/logo\/image\/"},"sameAs":["https:\/\/www.facebook.com\/Smartranslate","https:\/\/x.com\/Smart_Translate","https:\/\/www.instagram.com\/smart.translate\/","https:\/\/www.linkedin.com\/company\/smart-translate","https:\/\/www.youtube.com\/channel\/UCA4qavnGhBpTtp1ut6qy-3w"]}]}},"_links":{"self":[{"href":"https:\/\/smart-translate.info\/fr\/wp-json\/wp\/v2\/pages\/303"}],"collection":[{"href":"https:\/\/smart-translate.info\/fr\/wp-json\/wp\/v2\/pages"}],"about":[{"href":"https:\/\/smart-translate.info\/fr\/wp-json\/wp\/v2\/types\/page"}],"author":[{"embeddable":true,"href":"https:\/\/smart-translate.info\/fr\/wp-json\/wp\/v2\/users\/1"}],"replies":[{"embeddable":true,"href":"https:\/\/smart-translate.info\/fr\/wp-json\/wp\/v2\/comments?post=303"}],"version-history":[{"count":11,"href":"https:\/\/smart-translate.info\/fr\/wp-json\/wp\/v2\/pages\/303\/revisions"}],"predecessor-version":[{"id":687,"href":"https:\/\/smart-translate.info\/fr\/wp-json\/wp\/v2\/pages\/303\/revisions\/687"}],"wp:attachment":[{"href":"https:\/\/smart-translate.info\/fr\/wp-json\/wp\/v2\/media?parent=303"}],"curies":[{"name":"wp","href":"https:\/\/api.w.org\/{rel}","templated":true}]}}