{"id":305,"date":"2015-02-25T13:47:18","date_gmt":"2015-02-25T13:47:18","guid":{"rendered":"https:\/\/smart-translate.info\/?page_id=305"},"modified":"2024-08-21T12:13:48","modified_gmt":"2024-08-21T12:13:48","slug":"tarifs","status":"publish","type":"page","link":"https:\/\/smart-translate.info\/fr\/tarifs\/","title":{"rendered":"Tarifs"},"content":{"rendered":"<div class=\"panel-grid\" id=\"pg-305-0\" > <div class=\"panel-row-style-default panel-row-style\" ><div class=\"container\"><div class=\"panel-grid-cell\" id=\"pgc-305-0-0\" ><div class=\"panel-builder widget-builder widget_origin_spacer panel-first-child\" id=\"panel-305-0-0-0\"><div class=\"origin-widget origin-widget-spacer origin-widget-spacer-simple-blank\"><div style=\"margin-bottom:60px;\"><\/div>\n<\/div><\/div><div class=\"panel-builder widget-builder widget_origin_title\" id=\"panel-305-0-0-1\"><div class=\"origin-widget origin-widget-title origin-widget-title-simple-simple align-center text-noraml\"><h2  class=\"align-center\">\n\tTarifs<\/h2>\n<\/div><\/div><div class=\"well well-sm panel-builder widget-builder widget_text\" id=\"panel-305-0-0-2\">\t\t\t<div class=\"textwidget\"><p>Veuillez <a href=\"https:\/\/smart-translate.info\/fr\/contacts\/\">me contacter<\/a> pour un <strong>devis gratuit<\/strong>.<\/p>\n\n<p>Mes tarifs sont concurrentiels, et je vous indiquerai le co\u00fbt de votre traduction avant de commencer. Notez qu\u2019il y a une facturation minimum de 40 \u20ac.<\/p>\n\n<p>Les prix sont exon\u00e9r\u00e9s de TVA selon <a href=\"http:\/\/www.legifrance.gouv.fr\/affichCodeArticle.do?cidTexte=LEGITEXT000006069577&idArticle=LEGIARTI000021645089\" target=\"_blank\" rel=\"noopener\">l\u2019article 293 B du code g\u00e9n\u00e9ral des imp\u00f4ts<\/a>.<\/p>\n<\/div>\n\t\t<\/div><div class=\"panel-builder widget-builder widget_origin_spacer\" id=\"panel-305-0-0-3\"><div class=\"origin-widget origin-widget-spacer origin-widget-spacer-simple-blank\"><div style=\"margin-bottom:20px;\"><\/div>\n<\/div><\/div><div class=\"panel-builder widget-builder widget_origin_title\" id=\"panel-305-0-0-4\"><div class=\"origin-widget origin-widget-title origin-widget-title-simple-simple align-center text-noraml\"><h2  class=\"align-center\">\n\tR\u00e8glement<\/h2>\n<\/div><\/div><div class=\"well well-sm panel-builder widget-builder widget_text\" id=\"panel-305-0-0-5\">\t\t\t<div class=\"textwidget\"><p>Des r\u00e8glements sont accept\u00e9s par virement bancaire, <a href=\"http:\/\/www.paypal.com\/\" target=\"_blank\" rel=\"noopener\">Paypal<\/a>, ou ch\u00e8que (voir \u00e9galement la partie \u201cr\u00e8glement\u201d dans les <a href=\"https:\/\/smart-translate.info\/fr\/terms-and-conditions\/\">Conditions G\u00e9n\u00e9rales de Vente<\/a>).<\/p>\n\n<p>Pour en savoir davantage sur l\u2019achat de traductions vous pouvez t\u00e9l\u00e9charger la brochure PDF: \u201c<a target=\"_blank\" title=\"http:\/\/www.iti.org.uk\/pdfs\/trans\/translation(uk).pdf\" href=\"http:\/\/www.iti.org.uk\/pdfs\/trans\/translation(uk).pdf\" rel=\"noopener\">Traductions : Faire les bons choix (petit guide de l\u2019acheteur de traductions)<\/a>\u201d.<\/p>\n\n<\/div>\n\t\t<\/div><div class=\"panel-builder widget-builder widget_origin_spacer panel-last-child\" id=\"panel-305-0-0-6\"><div class=\"origin-widget origin-widget-spacer origin-widget-spacer-simple-blank\"><div style=\"margin-bottom:50px;\"><\/div>\n<\/div><\/div><\/div><div class=\"panel-grid-cell\" id=\"pgc-305-0-1\" ><div class=\"panel-builder widget-builder widget_origin_spacer panel-first-child\" id=\"panel-305-0-1-0\"><div class=\"origin-widget origin-widget-spacer origin-widget-spacer-simple-blank\"><div style=\"margin-bottom:60px;\"><\/div>\n<\/div><\/div><div class=\"well well-sm panel-builder widget-builder widget_text panel-last-child\" id=\"panel-305-0-1-1\">\t\t\t<div class=\"textwidget\"><img decoding=\"async\"  class=\"picture-border\"  style=\"margin-top:10px\"  src=\"https:\/\/smart-translate.info\/wp-content\/uploads\/2015\/03\/Depositphotos_1314116_s.jpg\" \/><\/div>\n\t\t<\/div><\/div><\/div><\/div><\/div>","protected":false},"excerpt":{"rendered":"<p>Tarifs Veuillez me contacter pour un devis gratuit. Mes tarifs sont concurrentiels, et je vous indiquerai le co\u00fbt de votre traduction avant de commencer. Notez qu\u2019il y a une facturation minimum de 40 \u20ac. Les prix sont exon\u00e9r\u00e9s de TVA selon l\u2019article 293 B du code g\u00e9n\u00e9ral des imp\u00f4ts. R\u00e8glement Des r\u00e8glements sont accept\u00e9s par [&hellip;]<a class=\"\" title=\"Read more on Tarifs\" href=\"https:\/\/smart-translate.info\/fr\/tarifs\/\"> Read more<\/a><\/p>\n","protected":false},"author":1,"featured_media":0,"parent":0,"menu_order":0,"comment_status":"closed","ping_status":"closed","template":"dikka-page-builder-title.php","meta":{"footnotes":""},"class_list":["post-305","page","type-page","status-publish","hentry"],"yoast_head":"<!-- This site is optimized with the Yoast SEO plugin v23.5 - https:\/\/yoast.com\/wordpress\/plugins\/seo\/ -->\n<title>Tarifs - Smart Translate<\/title>\n<meta name=\"robots\" content=\"index, follow, max-snippet:-1, max-image-preview:large, max-video-preview:-1\" \/>\n<link rel=\"canonical\" href=\"https:\/\/smart-translate.info\/fr\/tarifs\/\" \/>\n<meta property=\"og:locale\" content=\"fr_FR\" \/>\n<meta property=\"og:type\" content=\"article\" \/>\n<meta property=\"og:title\" content=\"Tarifs - Smart Translate\" \/>\n<meta property=\"og:description\" content=\"Tarifs Veuillez me contacter pour un devis gratuit. Mes tarifs sont concurrentiels, et je vous indiquerai le co\u00fbt de votre traduction avant de commencer. Notez qu\u2019il y a une facturation minimum de 40 \u20ac. Les prix sont exon\u00e9r\u00e9s de TVA selon l\u2019article 293 B du code g\u00e9n\u00e9ral des imp\u00f4ts. R\u00e8glement Des r\u00e8glements sont accept\u00e9s par [&hellip;]\" \/>\n<meta property=\"og:url\" content=\"https:\/\/smart-translate.info\/fr\/tarifs\/\" \/>\n<meta property=\"og:site_name\" content=\"Smart Translate\" \/>\n<meta property=\"article:publisher\" content=\"https:\/\/www.facebook.com\/Smartranslate\" \/>\n<meta property=\"article:modified_time\" content=\"2024-08-21T12:13:48+00:00\" \/>\n<meta property=\"og:image\" content=\"https:\/\/smart-translate.info\/wp-content\/uploads\/2015\/03\/Depositphotos_1314116_s.jpg\" \/>\n<meta name=\"twitter:label1\" content=\"Dur\u00e9e de lecture estim\u00e9e\" \/>\n\t<meta name=\"twitter:data1\" content=\"1 minute\" \/>\n<script type=\"application\/ld+json\" class=\"yoast-schema-graph\">{\"@context\":\"https:\/\/schema.org\",\"@graph\":[{\"@type\":\"WebPage\",\"@id\":\"https:\/\/smart-translate.info\/fr\/tarifs\/\",\"url\":\"https:\/\/smart-translate.info\/fr\/tarifs\/\",\"name\":\"Tarifs - Smart Translate\",\"isPartOf\":{\"@id\":\"https:\/\/smart-translate.info\/#website\"},\"primaryImageOfPage\":{\"@id\":\"https:\/\/smart-translate.info\/fr\/tarifs\/#primaryimage\"},\"image\":{\"@id\":\"https:\/\/smart-translate.info\/fr\/tarifs\/#primaryimage\"},\"thumbnailUrl\":\"https:\/\/smart-translate.info\/wp-content\/uploads\/2015\/03\/Depositphotos_1314116_s.jpg\",\"datePublished\":\"2015-02-25T13:47:18+00:00\",\"dateModified\":\"2024-08-21T12:13:48+00:00\",\"breadcrumb\":{\"@id\":\"https:\/\/smart-translate.info\/fr\/tarifs\/#breadcrumb\"},\"inLanguage\":\"fr-FR\",\"potentialAction\":[{\"@type\":\"ReadAction\",\"target\":[\"https:\/\/smart-translate.info\/fr\/tarifs\/\"]}]},{\"@type\":\"ImageObject\",\"inLanguage\":\"fr-FR\",\"@id\":\"https:\/\/smart-translate.info\/fr\/tarifs\/#primaryimage\",\"url\":\"https:\/\/smart-translate.info\/wp-content\/uploads\/2015\/03\/Depositphotos_1314116_s.jpg\",\"contentUrl\":\"https:\/\/smart-translate.info\/wp-content\/uploads\/2015\/03\/Depositphotos_1314116_s.jpg\"},{\"@type\":\"BreadcrumbList\",\"@id\":\"https:\/\/smart-translate.info\/fr\/tarifs\/#breadcrumb\",\"itemListElement\":[{\"@type\":\"ListItem\",\"position\":1,\"name\":\"Home\",\"item\":\"https:\/\/smart-translate.info\/fr\/\"},{\"@type\":\"ListItem\",\"position\":2,\"name\":\"Tarifs\"}]},{\"@type\":\"WebSite\",\"@id\":\"https:\/\/smart-translate.info\/#website\",\"url\":\"https:\/\/smart-translate.info\/\",\"name\":\"Smart Translate\",\"description\":\"French to English translations\",\"publisher\":{\"@id\":\"https:\/\/smart-translate.info\/#organization\"},\"potentialAction\":[{\"@type\":\"SearchAction\",\"target\":{\"@type\":\"EntryPoint\",\"urlTemplate\":\"https:\/\/smart-translate.info\/?s={search_term_string}\"},\"query-input\":{\"@type\":\"PropertyValueSpecification\",\"valueRequired\":true,\"valueName\":\"search_term_string\"}}],\"inLanguage\":\"fr-FR\"},{\"@type\":\"Organization\",\"@id\":\"https:\/\/smart-translate.info\/#organization\",\"name\":\"Smart Translate\",\"url\":\"https:\/\/smart-translate.info\/\",\"logo\":{\"@type\":\"ImageObject\",\"inLanguage\":\"fr-FR\",\"@id\":\"https:\/\/smart-translate.info\/#\/schema\/logo\/image\/\",\"url\":\"https:\/\/smart-translate.info\/wp-content\/uploads\/2021\/01\/Smart-Translate-LOGO-Grand.jpg\",\"contentUrl\":\"https:\/\/smart-translate.info\/wp-content\/uploads\/2021\/01\/Smart-Translate-LOGO-Grand.jpg\",\"width\":1525,\"height\":750,\"caption\":\"Smart Translate\"},\"image\":{\"@id\":\"https:\/\/smart-translate.info\/#\/schema\/logo\/image\/\"},\"sameAs\":[\"https:\/\/www.facebook.com\/Smartranslate\",\"https:\/\/x.com\/Smart_Translate\",\"https:\/\/www.instagram.com\/smart.translate\/\",\"https:\/\/www.linkedin.com\/company\/smart-translate\",\"https:\/\/www.youtube.com\/channel\/UCA4qavnGhBpTtp1ut6qy-3w\"]}]}<\/script>\n<!-- \/ Yoast SEO plugin. -->","yoast_head_json":{"title":"Tarifs - Smart Translate","robots":{"index":"index","follow":"follow","max-snippet":"max-snippet:-1","max-image-preview":"max-image-preview:large","max-video-preview":"max-video-preview:-1"},"canonical":"https:\/\/smart-translate.info\/fr\/tarifs\/","og_locale":"fr_FR","og_type":"article","og_title":"Tarifs - Smart Translate","og_description":"Tarifs Veuillez me contacter pour un devis gratuit. Mes tarifs sont concurrentiels, et je vous indiquerai le co\u00fbt de votre traduction avant de commencer. Notez qu\u2019il y a une facturation minimum de 40 \u20ac. Les prix sont exon\u00e9r\u00e9s de TVA selon l\u2019article 293 B du code g\u00e9n\u00e9ral des imp\u00f4ts. R\u00e8glement Des r\u00e8glements sont accept\u00e9s par [&hellip;]","og_url":"https:\/\/smart-translate.info\/fr\/tarifs\/","og_site_name":"Smart Translate","article_publisher":"https:\/\/www.facebook.com\/Smartranslate","article_modified_time":"2024-08-21T12:13:48+00:00","og_image":[{"url":"https:\/\/smart-translate.info\/wp-content\/uploads\/2015\/03\/Depositphotos_1314116_s.jpg"}],"twitter_misc":{"Dur\u00e9e de lecture estim\u00e9e":"1 minute"},"schema":{"@context":"https:\/\/schema.org","@graph":[{"@type":"WebPage","@id":"https:\/\/smart-translate.info\/fr\/tarifs\/","url":"https:\/\/smart-translate.info\/fr\/tarifs\/","name":"Tarifs - Smart Translate","isPartOf":{"@id":"https:\/\/smart-translate.info\/#website"},"primaryImageOfPage":{"@id":"https:\/\/smart-translate.info\/fr\/tarifs\/#primaryimage"},"image":{"@id":"https:\/\/smart-translate.info\/fr\/tarifs\/#primaryimage"},"thumbnailUrl":"https:\/\/smart-translate.info\/wp-content\/uploads\/2015\/03\/Depositphotos_1314116_s.jpg","datePublished":"2015-02-25T13:47:18+00:00","dateModified":"2024-08-21T12:13:48+00:00","breadcrumb":{"@id":"https:\/\/smart-translate.info\/fr\/tarifs\/#breadcrumb"},"inLanguage":"fr-FR","potentialAction":[{"@type":"ReadAction","target":["https:\/\/smart-translate.info\/fr\/tarifs\/"]}]},{"@type":"ImageObject","inLanguage":"fr-FR","@id":"https:\/\/smart-translate.info\/fr\/tarifs\/#primaryimage","url":"https:\/\/smart-translate.info\/wp-content\/uploads\/2015\/03\/Depositphotos_1314116_s.jpg","contentUrl":"https:\/\/smart-translate.info\/wp-content\/uploads\/2015\/03\/Depositphotos_1314116_s.jpg"},{"@type":"BreadcrumbList","@id":"https:\/\/smart-translate.info\/fr\/tarifs\/#breadcrumb","itemListElement":[{"@type":"ListItem","position":1,"name":"Home","item":"https:\/\/smart-translate.info\/fr\/"},{"@type":"ListItem","position":2,"name":"Tarifs"}]},{"@type":"WebSite","@id":"https:\/\/smart-translate.info\/#website","url":"https:\/\/smart-translate.info\/","name":"Smart Translate","description":"French to English translations","publisher":{"@id":"https:\/\/smart-translate.info\/#organization"},"potentialAction":[{"@type":"SearchAction","target":{"@type":"EntryPoint","urlTemplate":"https:\/\/smart-translate.info\/?s={search_term_string}"},"query-input":{"@type":"PropertyValueSpecification","valueRequired":true,"valueName":"search_term_string"}}],"inLanguage":"fr-FR"},{"@type":"Organization","@id":"https:\/\/smart-translate.info\/#organization","name":"Smart Translate","url":"https:\/\/smart-translate.info\/","logo":{"@type":"ImageObject","inLanguage":"fr-FR","@id":"https:\/\/smart-translate.info\/#\/schema\/logo\/image\/","url":"https:\/\/smart-translate.info\/wp-content\/uploads\/2021\/01\/Smart-Translate-LOGO-Grand.jpg","contentUrl":"https:\/\/smart-translate.info\/wp-content\/uploads\/2021\/01\/Smart-Translate-LOGO-Grand.jpg","width":1525,"height":750,"caption":"Smart Translate"},"image":{"@id":"https:\/\/smart-translate.info\/#\/schema\/logo\/image\/"},"sameAs":["https:\/\/www.facebook.com\/Smartranslate","https:\/\/x.com\/Smart_Translate","https:\/\/www.instagram.com\/smart.translate\/","https:\/\/www.linkedin.com\/company\/smart-translate","https:\/\/www.youtube.com\/channel\/UCA4qavnGhBpTtp1ut6qy-3w"]}]}},"_links":{"self":[{"href":"https:\/\/smart-translate.info\/fr\/wp-json\/wp\/v2\/pages\/305"}],"collection":[{"href":"https:\/\/smart-translate.info\/fr\/wp-json\/wp\/v2\/pages"}],"about":[{"href":"https:\/\/smart-translate.info\/fr\/wp-json\/wp\/v2\/types\/page"}],"author":[{"embeddable":true,"href":"https:\/\/smart-translate.info\/fr\/wp-json\/wp\/v2\/users\/1"}],"replies":[{"embeddable":true,"href":"https:\/\/smart-translate.info\/fr\/wp-json\/wp\/v2\/comments?post=305"}],"version-history":[{"count":9,"href":"https:\/\/smart-translate.info\/fr\/wp-json\/wp\/v2\/pages\/305\/revisions"}],"predecessor-version":[{"id":722,"href":"https:\/\/smart-translate.info\/fr\/wp-json\/wp\/v2\/pages\/305\/revisions\/722"}],"wp:attachment":[{"href":"https:\/\/smart-translate.info\/fr\/wp-json\/wp\/v2\/media?parent=305"}],"curies":[{"name":"wp","href":"https:\/\/api.w.org\/{rel}","templated":true}]}}