{"id":312,"date":"2015-02-25T14:07:37","date_gmt":"2015-02-25T14:07:37","guid":{"rendered":"https:\/\/smart-translate.info\/?page_id=312"},"modified":"2021-10-08T12:41:47","modified_gmt":"2021-10-08T12:41:47","slug":"qui-suis-je","status":"publish","type":"page","link":"https:\/\/smart-translate.info\/fr\/qui-suis-je\/","title":{"rendered":"Qui suis-je ?"},"content":{"rendered":"<div class=\"panel-grid\" id=\"pg-312-0\" > <div class=\"panel-row-style-default panel-row-style\" ><div class=\"container\"><div class=\"panel-grid-cell\" id=\"pgc-312-0-0\" ><div class=\"panel-builder widget-builder widget_origin_spacer panel-first-child\" id=\"panel-312-0-0-0\"><div class=\"origin-widget origin-widget-spacer origin-widget-spacer-simple-blank\"><div style=\"margin-bottom:60px;\"><\/div>\n<\/div><\/div><div class=\"panel-builder widget-builder widget_origin_title panel-last-child\" id=\"panel-312-0-0-1\"><div class=\"origin-widget origin-widget-title origin-widget-title-simple-simple align-center text-noraml\"><h2  class=\"align-center\">\n\tLa solution \u201cSmart\u201d<\/h2>\n<\/div><\/div><\/div><\/div><\/div><\/div><div class=\"panel-grid\" id=\"pg-312-1\" > <div class=\"panel-row-style-default panel-row-style\" ><div class=\"container\"><div class=\"panel-grid-cell\" id=\"pgc-312-1-0\" ><div class=\"well well-sm panel-builder widget-builder widget_text panel-first-child\" id=\"panel-312-1-0-0\">\t\t\t<div class=\"textwidget\"><p><strong>Native<\/strong> de Londres, en <strong>Angleterre<\/strong>, Catharine Cellier-Smart est bas\u00e9e depuis de nombreuses ann\u00e9es \u00e0 l\u2018\u00eele de la R\u00e9union, dans <strong>l\u2019Oc\u00e9an Indien<\/strong>. Elle a \u00e9galement v\u00e9cu et voyag\u00e9 en Asie pendant trois ans, de 2008 \u00e0 2011.<\/p>\n\n<p>Titulaire d\u2019un DESS en Administration des Entreprises de l\u2019IAE de la R\u00e9union, elle a pratiquement vingt ans d\u2019exp\u00e9rience dans le milieu des affaires, mais a toujours effectu\u00e9 des traductions tout en travaillant. Depuis 2008 la traduction freelance est devenue son activit\u00e9 principale.<\/p>\n\n<p>Catharine est membre de la SFT (Syndicat national des traducteurs professionnels), et, \u00e0 ce titre, signataire du Code de d\u00e9ontologie de la <a href=\"http:\/\/www.sft.fr\/fo\/public\/menu\/gestion_front\/index&id=484\" target=\"_blank\" rel=\"noopener\">SFT<\/a>.<\/p>\n\n<p>Catharine poss\u00e8de une connaissance approfondie des cultures britannique, fran\u00e7aise et r\u00e9unionnaise. Elle est extr\u00eamement organis\u00e9e, et poss\u00e8de une formidable capacit\u00e9 de recherche.<\/p>\n\n<p>Vous trouverez <a href=\"http:\/\/twitter.com\/Smart_Translate\" target=\"_blank\" rel=\"noopener\">ici<\/a> son fil twitter professionnel concernant la traduction.<\/p>\n\n<p>Son blog professionnel se trouve <a href=\"http:\/\/asmarttranslatorsreunion.wordpress.com\/\" target=\"_blank\" rel=\"noopener\">ici<\/a>, et son blog personnel <a target=\"_blank\" href=\"http:\/\/travelssmart.blogspot.com\/\" rel=\"noopener\">ici<\/a>.<\/p>\n\n<\/div>\n\t\t<\/div><div class=\"panel-builder widget-builder widget_origin_spacer panel-last-child\" id=\"panel-312-1-0-1\"><div class=\"origin-widget origin-widget-spacer origin-widget-spacer-simple-blank\"><div style=\"margin-bottom:30px;\"><\/div>\n<\/div><\/div><\/div><div class=\"panel-grid-cell\" id=\"pgc-312-1-1\" ><div class=\"well well-sm panel-builder widget-builder widget_text panel-first-child panel-last-child\" id=\"panel-312-1-1-0\">\t\t\t<div class=\"textwidget\"><img decoding=\"async\" class=\"picture-border\" style=\"margin-top:5px\"  src=\"https:\/\/smart-translate.info\/wp-content\/uploads\/2015\/09\/Catharine-18-cropped399.jpg\" \/><\/div>\n\t\t<\/div><\/div><\/div><\/div><\/div><div class=\"panel-grid\" id=\"pg-312-2\" > <div class=\"panel-row-style-default panel-row-style\" ><div class=\"container\"><div class=\"panel-grid-cell\" id=\"pgc-312-2-0\" ><div class=\"panel-builder widget-builder widget_origin_title panel-first-child\" id=\"panel-312-2-0-0\"><div class=\"origin-widget origin-widget-title origin-widget-title-simple-simple align-center text-noraml\"><h2  class=\"align-center\">\n\tProfils Professionnels<\/h2>\n<\/div><\/div><div class=\"well well-sm panel-builder widget-builder widget_text panel-last-child\" id=\"panel-312-2-0-1\">\t\t\t<div class=\"textwidget\"><table class=\"contact-table second\">\n<tr>\n<td style=\"text-align: center;\">\n<a target=\"_blank\" href=\"https:\/\/smart-translate.info\" rel=\"noopener\">\n<img decoding=\"async\" style=\"width: 135px;\" src=\"https:\/\/smart-translate.info\/wp-content\/uploads\/2021\/01\/Smart-Translate-LOGO-Grand.jpg\" \/>\n<\/a>\n<\/td>\n<td style=\"text-align: center;\">\n<a target=\"_blank\" href=\"http:\/\/www.sft.fr\/traducteur-interprete-11511-celliersmart-catharine.html#.VRPPfHpEptI\" rel=\"noopener\">\n<img decoding=\"async\" style=\"width: 68px;\" src=\"https:\/\/smart-translate.info\/wp-content\/uploads\/2015\/02\/SFT-LOGO_membre_grand_300dp.jpg\" \/>\n<\/a>\n<\/td>\n<td style=\"text-align: center;\">\n<a target=\"_blank\" href=\"https:\/\/unetica.fr\/liste-des-experts-traducteurs-interpretes\/\" rel=\"noopener\">\n<img decoding=\"async\" style=\"width: 68px;\" src=\"https:\/\/smart-translate.info\/wp-content\/uploads\/2021\/05\/VIGNETTE-MEMBRE-UNETICA.png\" \/>\n<\/a>\n<\/td>\n<td style=\"text-align: center;\">\n<a href=\"https:\/\/www.proz.com\/cpn\"><img decoding=\"async\" style=\"width: 135px;\" src=\"https:\/\/www.proz.com\/pro-tag\/badge\/1144934\/Certified PROs.jpg\"><\/a>\n<\/td>\n<td style=\"text-align: center;\">\n<a target=\"_blank\" href=\"https:\/\/www.linkedin.com\/in\/traductionreunion\/\" rel=\"noopener\">\n<img decoding=\"async\" src=\"https:\/\/smart-translate.info\/wp-content\/uploads\/2015\/02\/linkedin-button.png\" \/>\n<\/a>\n<\/td>\n<td style=\"text-align: center;\">\n<a target=\"_blank\" href=\"https:\/\/viadeo.journaldunet.com\/p\/catharine-cellier-smart-836623\" rel=\"noopener\">\n<img decoding=\"async\" src=\"https:\/\/smart-translate.info\/wp-content\/uploads\/2015\/02\/button_logo.png\" \/>\n<\/a>\n<\/td>\n<td style=\"text-align: center;\">\n<a target=\"_blank\" href=\"https:\/\/www.facebook.com\/Smartranslate\" rel=\"noopener\">\n<img decoding=\"async\" src=\"https:\/\/smart-translate.info\/wp-content\/uploads\/2015\/02\/facebook_badge.png\" \/>\n<\/a>\n<\/td>\n<td style=\"text-align: center;\">\n<a target=\"_blank\" href=\"http:\/\/asmarttranslatorsreunion.wordpress.com\/\" rel=\"noopener\">\n<img decoding=\"async\" src=\"https:\/\/smart-translate.info\/wp-content\/uploads\/2015\/02\/blue-s.png\" \/>\n<\/a>\n<\/td>\n<td style=\"text-align: center;\">\n<a target=\"_blank\" href=\"https:\/\/www.instagram.com\/smart.translate\/\" rel=\"noopener\">\n<img decoding=\"async\" style=\"width: 41px;\" src=\"https:\/\/smart-translate.info\/wp-content\/uploads\/2021\/01\/Instagram_AppIcon.png\" \/>\n<\/a>\n<\/td>\n<td style=\"text-align: center;\">\n<a href=\"https:\/\/twitter.com\/Smart_translate?ref_src=twsrc%5Etfw\" class=\"twitter-follow-button\" data-show-count=\"false\">Follow @Smart_translate<\/a><script async src=\"https:\/\/platform.twitter.com\/widgets.js\" charset=\"utf-8\"><\/script>\n<\/tr>\n<\/table>\n\n<\/div>\n\t\t<\/div><\/div><\/div><\/div><\/div>","protected":false},"excerpt":{"rendered":"<p>La solution \u201cSmart\u201d Native de Londres, en Angleterre, Catharine Cellier-Smart est bas\u00e9e depuis de nombreuses ann\u00e9es \u00e0 l\u2018\u00eele de la R\u00e9union, dans l\u2019Oc\u00e9an Indien. Elle a \u00e9galement v\u00e9cu et voyag\u00e9 en Asie pendant trois ans, de 2008 \u00e0 2011. Titulaire d\u2019un DESS en Administration des Entreprises de l\u2019IAE de la R\u00e9union, elle a pratiquement vingt [&hellip;]<a class=\"\" title=\"Read more on Qui suis-je ?\" href=\"https:\/\/smart-translate.info\/fr\/qui-suis-je\/\"> Read more<\/a><\/p>\n","protected":false},"author":1,"featured_media":0,"parent":0,"menu_order":0,"comment_status":"closed","ping_status":"closed","template":"dikka-page-builder-title.php","meta":{"footnotes":""},"class_list":["post-312","page","type-page","status-publish","hentry"],"yoast_head":"<!-- This site is optimized with the Yoast SEO plugin v23.5 - https:\/\/yoast.com\/wordpress\/plugins\/seo\/ -->\n<title>Qui suis-je ? - Smart Translate<\/title>\n<meta name=\"robots\" content=\"index, follow, max-snippet:-1, max-image-preview:large, max-video-preview:-1\" \/>\n<link rel=\"canonical\" href=\"https:\/\/smart-translate.info\/fr\/qui-suis-je\/\" \/>\n<meta property=\"og:locale\" content=\"fr_FR\" \/>\n<meta property=\"og:type\" content=\"article\" \/>\n<meta property=\"og:title\" content=\"Qui suis-je ? - Smart Translate\" \/>\n<meta property=\"og:description\" content=\"La solution \u201cSmart\u201d Native de Londres, en Angleterre, Catharine Cellier-Smart est bas\u00e9e depuis de nombreuses ann\u00e9es \u00e0 l\u2018\u00eele de la R\u00e9union, dans l\u2019Oc\u00e9an Indien. Elle a \u00e9galement v\u00e9cu et voyag\u00e9 en Asie pendant trois ans, de 2008 \u00e0 2011. Titulaire d\u2019un DESS en Administration des Entreprises de l\u2019IAE de la R\u00e9union, elle a pratiquement vingt [&hellip;]\" \/>\n<meta property=\"og:url\" content=\"https:\/\/smart-translate.info\/fr\/qui-suis-je\/\" \/>\n<meta property=\"og:site_name\" content=\"Smart Translate\" \/>\n<meta property=\"article:publisher\" content=\"https:\/\/www.facebook.com\/Smartranslate\" \/>\n<meta property=\"article:modified_time\" content=\"2021-10-08T12:41:47+00:00\" \/>\n<meta property=\"og:image\" content=\"https:\/\/smart-translate.info\/wp-content\/uploads\/2015\/09\/Catharine-18-cropped399.jpg\" \/>\n<meta name=\"twitter:label1\" content=\"Dur\u00e9e de lecture estim\u00e9e\" \/>\n\t<meta name=\"twitter:data1\" content=\"1 minute\" \/>\n<script type=\"application\/ld+json\" class=\"yoast-schema-graph\">{\"@context\":\"https:\/\/schema.org\",\"@graph\":[{\"@type\":\"WebPage\",\"@id\":\"https:\/\/smart-translate.info\/fr\/qui-suis-je\/\",\"url\":\"https:\/\/smart-translate.info\/fr\/qui-suis-je\/\",\"name\":\"Qui suis-je ? - Smart Translate\",\"isPartOf\":{\"@id\":\"https:\/\/smart-translate.info\/#website\"},\"primaryImageOfPage\":{\"@id\":\"https:\/\/smart-translate.info\/fr\/qui-suis-je\/#primaryimage\"},\"image\":{\"@id\":\"https:\/\/smart-translate.info\/fr\/qui-suis-je\/#primaryimage\"},\"thumbnailUrl\":\"https:\/\/smart-translate.info\/wp-content\/uploads\/2015\/09\/Catharine-18-cropped399.jpg\",\"datePublished\":\"2015-02-25T14:07:37+00:00\",\"dateModified\":\"2021-10-08T12:41:47+00:00\",\"breadcrumb\":{\"@id\":\"https:\/\/smart-translate.info\/fr\/qui-suis-je\/#breadcrumb\"},\"inLanguage\":\"fr-FR\",\"potentialAction\":[{\"@type\":\"ReadAction\",\"target\":[\"https:\/\/smart-translate.info\/fr\/qui-suis-je\/\"]}]},{\"@type\":\"ImageObject\",\"inLanguage\":\"fr-FR\",\"@id\":\"https:\/\/smart-translate.info\/fr\/qui-suis-je\/#primaryimage\",\"url\":\"https:\/\/smart-translate.info\/wp-content\/uploads\/2015\/09\/Catharine-18-cropped399.jpg\",\"contentUrl\":\"https:\/\/smart-translate.info\/wp-content\/uploads\/2015\/09\/Catharine-18-cropped399.jpg\"},{\"@type\":\"BreadcrumbList\",\"@id\":\"https:\/\/smart-translate.info\/fr\/qui-suis-je\/#breadcrumb\",\"itemListElement\":[{\"@type\":\"ListItem\",\"position\":1,\"name\":\"Home\",\"item\":\"https:\/\/smart-translate.info\/fr\/\"},{\"@type\":\"ListItem\",\"position\":2,\"name\":\"Qui suis-je ?\"}]},{\"@type\":\"WebSite\",\"@id\":\"https:\/\/smart-translate.info\/#website\",\"url\":\"https:\/\/smart-translate.info\/\",\"name\":\"Smart Translate\",\"description\":\"French to English translations\",\"publisher\":{\"@id\":\"https:\/\/smart-translate.info\/#organization\"},\"potentialAction\":[{\"@type\":\"SearchAction\",\"target\":{\"@type\":\"EntryPoint\",\"urlTemplate\":\"https:\/\/smart-translate.info\/?s={search_term_string}\"},\"query-input\":{\"@type\":\"PropertyValueSpecification\",\"valueRequired\":true,\"valueName\":\"search_term_string\"}}],\"inLanguage\":\"fr-FR\"},{\"@type\":\"Organization\",\"@id\":\"https:\/\/smart-translate.info\/#organization\",\"name\":\"Smart Translate\",\"url\":\"https:\/\/smart-translate.info\/\",\"logo\":{\"@type\":\"ImageObject\",\"inLanguage\":\"fr-FR\",\"@id\":\"https:\/\/smart-translate.info\/#\/schema\/logo\/image\/\",\"url\":\"https:\/\/smart-translate.info\/wp-content\/uploads\/2021\/01\/Smart-Translate-LOGO-Grand.jpg\",\"contentUrl\":\"https:\/\/smart-translate.info\/wp-content\/uploads\/2021\/01\/Smart-Translate-LOGO-Grand.jpg\",\"width\":1525,\"height\":750,\"caption\":\"Smart Translate\"},\"image\":{\"@id\":\"https:\/\/smart-translate.info\/#\/schema\/logo\/image\/\"},\"sameAs\":[\"https:\/\/www.facebook.com\/Smartranslate\",\"https:\/\/x.com\/Smart_Translate\",\"https:\/\/www.instagram.com\/smart.translate\/\",\"https:\/\/www.linkedin.com\/company\/smart-translate\",\"https:\/\/www.youtube.com\/channel\/UCA4qavnGhBpTtp1ut6qy-3w\"]}]}<\/script>\n<!-- \/ Yoast SEO plugin. -->","yoast_head_json":{"title":"Qui suis-je ? - Smart Translate","robots":{"index":"index","follow":"follow","max-snippet":"max-snippet:-1","max-image-preview":"max-image-preview:large","max-video-preview":"max-video-preview:-1"},"canonical":"https:\/\/smart-translate.info\/fr\/qui-suis-je\/","og_locale":"fr_FR","og_type":"article","og_title":"Qui suis-je ? - Smart Translate","og_description":"La solution \u201cSmart\u201d Native de Londres, en Angleterre, Catharine Cellier-Smart est bas\u00e9e depuis de nombreuses ann\u00e9es \u00e0 l\u2018\u00eele de la R\u00e9union, dans l\u2019Oc\u00e9an Indien. Elle a \u00e9galement v\u00e9cu et voyag\u00e9 en Asie pendant trois ans, de 2008 \u00e0 2011. Titulaire d\u2019un DESS en Administration des Entreprises de l\u2019IAE de la R\u00e9union, elle a pratiquement vingt [&hellip;]","og_url":"https:\/\/smart-translate.info\/fr\/qui-suis-je\/","og_site_name":"Smart Translate","article_publisher":"https:\/\/www.facebook.com\/Smartranslate","article_modified_time":"2021-10-08T12:41:47+00:00","og_image":[{"url":"https:\/\/smart-translate.info\/wp-content\/uploads\/2015\/09\/Catharine-18-cropped399.jpg"}],"twitter_misc":{"Dur\u00e9e de lecture estim\u00e9e":"1 minute"},"schema":{"@context":"https:\/\/schema.org","@graph":[{"@type":"WebPage","@id":"https:\/\/smart-translate.info\/fr\/qui-suis-je\/","url":"https:\/\/smart-translate.info\/fr\/qui-suis-je\/","name":"Qui suis-je ? - Smart Translate","isPartOf":{"@id":"https:\/\/smart-translate.info\/#website"},"primaryImageOfPage":{"@id":"https:\/\/smart-translate.info\/fr\/qui-suis-je\/#primaryimage"},"image":{"@id":"https:\/\/smart-translate.info\/fr\/qui-suis-je\/#primaryimage"},"thumbnailUrl":"https:\/\/smart-translate.info\/wp-content\/uploads\/2015\/09\/Catharine-18-cropped399.jpg","datePublished":"2015-02-25T14:07:37+00:00","dateModified":"2021-10-08T12:41:47+00:00","breadcrumb":{"@id":"https:\/\/smart-translate.info\/fr\/qui-suis-je\/#breadcrumb"},"inLanguage":"fr-FR","potentialAction":[{"@type":"ReadAction","target":["https:\/\/smart-translate.info\/fr\/qui-suis-je\/"]}]},{"@type":"ImageObject","inLanguage":"fr-FR","@id":"https:\/\/smart-translate.info\/fr\/qui-suis-je\/#primaryimage","url":"https:\/\/smart-translate.info\/wp-content\/uploads\/2015\/09\/Catharine-18-cropped399.jpg","contentUrl":"https:\/\/smart-translate.info\/wp-content\/uploads\/2015\/09\/Catharine-18-cropped399.jpg"},{"@type":"BreadcrumbList","@id":"https:\/\/smart-translate.info\/fr\/qui-suis-je\/#breadcrumb","itemListElement":[{"@type":"ListItem","position":1,"name":"Home","item":"https:\/\/smart-translate.info\/fr\/"},{"@type":"ListItem","position":2,"name":"Qui suis-je ?"}]},{"@type":"WebSite","@id":"https:\/\/smart-translate.info\/#website","url":"https:\/\/smart-translate.info\/","name":"Smart Translate","description":"French to English translations","publisher":{"@id":"https:\/\/smart-translate.info\/#organization"},"potentialAction":[{"@type":"SearchAction","target":{"@type":"EntryPoint","urlTemplate":"https:\/\/smart-translate.info\/?s={search_term_string}"},"query-input":{"@type":"PropertyValueSpecification","valueRequired":true,"valueName":"search_term_string"}}],"inLanguage":"fr-FR"},{"@type":"Organization","@id":"https:\/\/smart-translate.info\/#organization","name":"Smart Translate","url":"https:\/\/smart-translate.info\/","logo":{"@type":"ImageObject","inLanguage":"fr-FR","@id":"https:\/\/smart-translate.info\/#\/schema\/logo\/image\/","url":"https:\/\/smart-translate.info\/wp-content\/uploads\/2021\/01\/Smart-Translate-LOGO-Grand.jpg","contentUrl":"https:\/\/smart-translate.info\/wp-content\/uploads\/2021\/01\/Smart-Translate-LOGO-Grand.jpg","width":1525,"height":750,"caption":"Smart Translate"},"image":{"@id":"https:\/\/smart-translate.info\/#\/schema\/logo\/image\/"},"sameAs":["https:\/\/www.facebook.com\/Smartranslate","https:\/\/x.com\/Smart_Translate","https:\/\/www.instagram.com\/smart.translate\/","https:\/\/www.linkedin.com\/company\/smart-translate","https:\/\/www.youtube.com\/channel\/UCA4qavnGhBpTtp1ut6qy-3w"]}]}},"_links":{"self":[{"href":"https:\/\/smart-translate.info\/fr\/wp-json\/wp\/v2\/pages\/312"}],"collection":[{"href":"https:\/\/smart-translate.info\/fr\/wp-json\/wp\/v2\/pages"}],"about":[{"href":"https:\/\/smart-translate.info\/fr\/wp-json\/wp\/v2\/types\/page"}],"author":[{"embeddable":true,"href":"https:\/\/smart-translate.info\/fr\/wp-json\/wp\/v2\/users\/1"}],"replies":[{"embeddable":true,"href":"https:\/\/smart-translate.info\/fr\/wp-json\/wp\/v2\/comments?post=312"}],"version-history":[{"count":28,"href":"https:\/\/smart-translate.info\/fr\/wp-json\/wp\/v2\/pages\/312\/revisions"}],"predecessor-version":[{"id":701,"href":"https:\/\/smart-translate.info\/fr\/wp-json\/wp\/v2\/pages\/312\/revisions\/701"}],"wp:attachment":[{"href":"https:\/\/smart-translate.info\/fr\/wp-json\/wp\/v2\/media?parent=312"}],"curies":[{"name":"wp","href":"https:\/\/api.w.org\/{rel}","templated":true}]}}