{"id":316,"date":"2015-02-25T14:17:14","date_gmt":"2015-02-25T14:17:14","guid":{"rendered":"https:\/\/smart-translate.info\/?page_id=316"},"modified":"2021-10-08T12:40:34","modified_gmt":"2021-10-08T12:40:34","slug":"la-reunion","status":"publish","type":"page","link":"https:\/\/smart-translate.info\/fr\/la-reunion\/","title":{"rendered":"La R\u00e9union"},"content":{"rendered":"<div class=\"panel-grid\" id=\"pg-316-0\" > <div class=\"panel-row-style-default panel-row-style\" ><div class=\"container\"><div class=\"panel-grid-cell\" id=\"pgc-316-0-0\" ><div class=\"panel-builder widget-builder widget_origin_spacer panel-first-child\" id=\"panel-316-0-0-0\"><div class=\"origin-widget origin-widget-spacer origin-widget-spacer-simple-blank\"><div style=\"margin-bottom:60px;\"><\/div>\n<\/div><\/div><div class=\"panel-builder widget-builder widget_origin_title\" id=\"panel-316-0-0-1\"><div class=\"origin-widget origin-widget-title origin-widget-title-simple-simple align-center text-noraml\"><h2  class=\"align-center\">\n\tLa R\u00e9union<\/h2>\n<\/div><\/div><div class=\"well well-sm panel-builder widget-builder widget_text\" id=\"panel-316-0-0-2\">\t\t\t<div class=\"textwidget\"><div style=\"text-align:center\">\n<p style=\"margin:30px 0px\">Si vous ne connaissez pas la R\u00e9union et que vous aimeriez en savoir davantage, voici un court-m\u00e9trage promotionnel.<\/p>\n\n<iframe style=\"width:100%;height:400px\" src=\"https:\/\/www.youtube.com\/embed\/yXukfbSZTvs\" frameborder=\"0\" allowfullscreen><\/iframe>\n\n<p style=\"margin:30px 0px\">Voici une version plus courte du film (45 sec).<\/p>\n\n<iframe style=\"width:100%;height:400px\" src=\"https:\/\/www.youtube.com\/embed\/AmAPWgjYm6g?feature=player_embedded\" frameborder=\"0\" allowfullscreen> <\/iframe>\n\n<p style=\"margin:30px 0px 0px\">Voici mon fil  au sujet de la R\u00e9union (en anglais) : <a href=\"http:\/\/www.twitter.com\/NewsFromReunion\" target=\"_blank\" rel=\"noopener\"><img decoding=\"async\" src=\"https:\/\/smart-translate.info\/wp-content\/uploads\/2015\/02\/twitter-b.png\" \/><\/a><\/p>\n<\/div>\n                <\/div>\n\t\t<\/div><div class=\"panel-builder widget-builder widget_origin_spacer panel-last-child\" id=\"panel-316-0-0-3\"><div class=\"origin-widget origin-widget-spacer origin-widget-spacer-simple-blank\"><div style=\"margin-bottom:40px;\"><\/div>\n<\/div><\/div><\/div><\/div><\/div><\/div>","protected":false},"excerpt":{"rendered":"<p>La R\u00e9union Si vous ne connaissez pas la R\u00e9union et que vous aimeriez en savoir davantage, voici un court-m\u00e9trage promotionnel. Voici une version plus courte du film (45 sec). Voici mon fil au sujet de la R\u00e9union (en anglais) :<\/p>\n","protected":false},"author":1,"featured_media":0,"parent":0,"menu_order":0,"comment_status":"closed","ping_status":"closed","template":"dikka-page-builder-title.php","meta":{"footnotes":""},"class_list":["post-316","page","type-page","status-publish","hentry"],"yoast_head":"<!-- This site is optimized with the Yoast SEO plugin v23.5 - https:\/\/yoast.com\/wordpress\/plugins\/seo\/ -->\n<title>La R\u00e9union - Smart Translate<\/title>\n<meta name=\"robots\" content=\"index, follow, max-snippet:-1, max-image-preview:large, max-video-preview:-1\" \/>\n<link rel=\"canonical\" href=\"https:\/\/smart-translate.info\/fr\/la-reunion\/\" \/>\n<meta property=\"og:locale\" content=\"fr_FR\" \/>\n<meta property=\"og:type\" content=\"article\" \/>\n<meta property=\"og:title\" content=\"La R\u00e9union - Smart Translate\" \/>\n<meta property=\"og:description\" content=\"La R\u00e9union Si vous ne connaissez pas la R\u00e9union et que vous aimeriez en savoir davantage, voici un court-m\u00e9trage promotionnel. Voici une version plus courte du film (45 sec). Voici mon fil au sujet de la R\u00e9union (en anglais) :\" \/>\n<meta property=\"og:url\" content=\"https:\/\/smart-translate.info\/fr\/la-reunion\/\" \/>\n<meta property=\"og:site_name\" content=\"Smart Translate\" \/>\n<meta property=\"article:publisher\" content=\"https:\/\/www.facebook.com\/Smartranslate\" \/>\n<meta property=\"article:modified_time\" content=\"2021-10-08T12:40:34+00:00\" \/>\n<meta property=\"og:image\" content=\"https:\/\/smart-translate.info\/wp-content\/uploads\/2015\/02\/twitter-b.png\" \/>\n<script type=\"application\/ld+json\" class=\"yoast-schema-graph\">{\"@context\":\"https:\/\/schema.org\",\"@graph\":[{\"@type\":\"WebPage\",\"@id\":\"https:\/\/smart-translate.info\/fr\/la-reunion\/\",\"url\":\"https:\/\/smart-translate.info\/fr\/la-reunion\/\",\"name\":\"La R\u00e9union - Smart Translate\",\"isPartOf\":{\"@id\":\"https:\/\/smart-translate.info\/#website\"},\"primaryImageOfPage\":{\"@id\":\"https:\/\/smart-translate.info\/fr\/la-reunion\/#primaryimage\"},\"image\":{\"@id\":\"https:\/\/smart-translate.info\/fr\/la-reunion\/#primaryimage\"},\"thumbnailUrl\":\"https:\/\/smart-translate.info\/wp-content\/uploads\/2015\/02\/twitter-b.png\",\"datePublished\":\"2015-02-25T14:17:14+00:00\",\"dateModified\":\"2021-10-08T12:40:34+00:00\",\"breadcrumb\":{\"@id\":\"https:\/\/smart-translate.info\/fr\/la-reunion\/#breadcrumb\"},\"inLanguage\":\"fr-FR\",\"potentialAction\":[{\"@type\":\"ReadAction\",\"target\":[\"https:\/\/smart-translate.info\/fr\/la-reunion\/\"]}]},{\"@type\":\"ImageObject\",\"inLanguage\":\"fr-FR\",\"@id\":\"https:\/\/smart-translate.info\/fr\/la-reunion\/#primaryimage\",\"url\":\"https:\/\/smart-translate.info\/wp-content\/uploads\/2015\/02\/twitter-b.png\",\"contentUrl\":\"https:\/\/smart-translate.info\/wp-content\/uploads\/2015\/02\/twitter-b.png\"},{\"@type\":\"BreadcrumbList\",\"@id\":\"https:\/\/smart-translate.info\/fr\/la-reunion\/#breadcrumb\",\"itemListElement\":[{\"@type\":\"ListItem\",\"position\":1,\"name\":\"Home\",\"item\":\"https:\/\/smart-translate.info\/fr\/\"},{\"@type\":\"ListItem\",\"position\":2,\"name\":\"La R\u00e9union\"}]},{\"@type\":\"WebSite\",\"@id\":\"https:\/\/smart-translate.info\/#website\",\"url\":\"https:\/\/smart-translate.info\/\",\"name\":\"Smart Translate\",\"description\":\"French to English translations\",\"publisher\":{\"@id\":\"https:\/\/smart-translate.info\/#organization\"},\"potentialAction\":[{\"@type\":\"SearchAction\",\"target\":{\"@type\":\"EntryPoint\",\"urlTemplate\":\"https:\/\/smart-translate.info\/?s={search_term_string}\"},\"query-input\":{\"@type\":\"PropertyValueSpecification\",\"valueRequired\":true,\"valueName\":\"search_term_string\"}}],\"inLanguage\":\"fr-FR\"},{\"@type\":\"Organization\",\"@id\":\"https:\/\/smart-translate.info\/#organization\",\"name\":\"Smart Translate\",\"url\":\"https:\/\/smart-translate.info\/\",\"logo\":{\"@type\":\"ImageObject\",\"inLanguage\":\"fr-FR\",\"@id\":\"https:\/\/smart-translate.info\/#\/schema\/logo\/image\/\",\"url\":\"https:\/\/smart-translate.info\/wp-content\/uploads\/2021\/01\/Smart-Translate-LOGO-Grand.jpg\",\"contentUrl\":\"https:\/\/smart-translate.info\/wp-content\/uploads\/2021\/01\/Smart-Translate-LOGO-Grand.jpg\",\"width\":1525,\"height\":750,\"caption\":\"Smart Translate\"},\"image\":{\"@id\":\"https:\/\/smart-translate.info\/#\/schema\/logo\/image\/\"},\"sameAs\":[\"https:\/\/www.facebook.com\/Smartranslate\",\"https:\/\/x.com\/Smart_Translate\",\"https:\/\/www.instagram.com\/smart.translate\/\",\"https:\/\/www.linkedin.com\/company\/smart-translate\",\"https:\/\/www.youtube.com\/channel\/UCA4qavnGhBpTtp1ut6qy-3w\"]}]}<\/script>\n<!-- \/ Yoast SEO plugin. -->","yoast_head_json":{"title":"La R\u00e9union - Smart Translate","robots":{"index":"index","follow":"follow","max-snippet":"max-snippet:-1","max-image-preview":"max-image-preview:large","max-video-preview":"max-video-preview:-1"},"canonical":"https:\/\/smart-translate.info\/fr\/la-reunion\/","og_locale":"fr_FR","og_type":"article","og_title":"La R\u00e9union - Smart Translate","og_description":"La R\u00e9union Si vous ne connaissez pas la R\u00e9union et que vous aimeriez en savoir davantage, voici un court-m\u00e9trage promotionnel. Voici une version plus courte du film (45 sec). Voici mon fil au sujet de la R\u00e9union (en anglais) :","og_url":"https:\/\/smart-translate.info\/fr\/la-reunion\/","og_site_name":"Smart Translate","article_publisher":"https:\/\/www.facebook.com\/Smartranslate","article_modified_time":"2021-10-08T12:40:34+00:00","og_image":[{"url":"https:\/\/smart-translate.info\/wp-content\/uploads\/2015\/02\/twitter-b.png"}],"schema":{"@context":"https:\/\/schema.org","@graph":[{"@type":"WebPage","@id":"https:\/\/smart-translate.info\/fr\/la-reunion\/","url":"https:\/\/smart-translate.info\/fr\/la-reunion\/","name":"La R\u00e9union - Smart Translate","isPartOf":{"@id":"https:\/\/smart-translate.info\/#website"},"primaryImageOfPage":{"@id":"https:\/\/smart-translate.info\/fr\/la-reunion\/#primaryimage"},"image":{"@id":"https:\/\/smart-translate.info\/fr\/la-reunion\/#primaryimage"},"thumbnailUrl":"https:\/\/smart-translate.info\/wp-content\/uploads\/2015\/02\/twitter-b.png","datePublished":"2015-02-25T14:17:14+00:00","dateModified":"2021-10-08T12:40:34+00:00","breadcrumb":{"@id":"https:\/\/smart-translate.info\/fr\/la-reunion\/#breadcrumb"},"inLanguage":"fr-FR","potentialAction":[{"@type":"ReadAction","target":["https:\/\/smart-translate.info\/fr\/la-reunion\/"]}]},{"@type":"ImageObject","inLanguage":"fr-FR","@id":"https:\/\/smart-translate.info\/fr\/la-reunion\/#primaryimage","url":"https:\/\/smart-translate.info\/wp-content\/uploads\/2015\/02\/twitter-b.png","contentUrl":"https:\/\/smart-translate.info\/wp-content\/uploads\/2015\/02\/twitter-b.png"},{"@type":"BreadcrumbList","@id":"https:\/\/smart-translate.info\/fr\/la-reunion\/#breadcrumb","itemListElement":[{"@type":"ListItem","position":1,"name":"Home","item":"https:\/\/smart-translate.info\/fr\/"},{"@type":"ListItem","position":2,"name":"La R\u00e9union"}]},{"@type":"WebSite","@id":"https:\/\/smart-translate.info\/#website","url":"https:\/\/smart-translate.info\/","name":"Smart Translate","description":"French to English translations","publisher":{"@id":"https:\/\/smart-translate.info\/#organization"},"potentialAction":[{"@type":"SearchAction","target":{"@type":"EntryPoint","urlTemplate":"https:\/\/smart-translate.info\/?s={search_term_string}"},"query-input":{"@type":"PropertyValueSpecification","valueRequired":true,"valueName":"search_term_string"}}],"inLanguage":"fr-FR"},{"@type":"Organization","@id":"https:\/\/smart-translate.info\/#organization","name":"Smart Translate","url":"https:\/\/smart-translate.info\/","logo":{"@type":"ImageObject","inLanguage":"fr-FR","@id":"https:\/\/smart-translate.info\/#\/schema\/logo\/image\/","url":"https:\/\/smart-translate.info\/wp-content\/uploads\/2021\/01\/Smart-Translate-LOGO-Grand.jpg","contentUrl":"https:\/\/smart-translate.info\/wp-content\/uploads\/2021\/01\/Smart-Translate-LOGO-Grand.jpg","width":1525,"height":750,"caption":"Smart Translate"},"image":{"@id":"https:\/\/smart-translate.info\/#\/schema\/logo\/image\/"},"sameAs":["https:\/\/www.facebook.com\/Smartranslate","https:\/\/x.com\/Smart_Translate","https:\/\/www.instagram.com\/smart.translate\/","https:\/\/www.linkedin.com\/company\/smart-translate","https:\/\/www.youtube.com\/channel\/UCA4qavnGhBpTtp1ut6qy-3w"]}]}},"_links":{"self":[{"href":"https:\/\/smart-translate.info\/fr\/wp-json\/wp\/v2\/pages\/316"}],"collection":[{"href":"https:\/\/smart-translate.info\/fr\/wp-json\/wp\/v2\/pages"}],"about":[{"href":"https:\/\/smart-translate.info\/fr\/wp-json\/wp\/v2\/types\/page"}],"author":[{"embeddable":true,"href":"https:\/\/smart-translate.info\/fr\/wp-json\/wp\/v2\/users\/1"}],"replies":[{"embeddable":true,"href":"https:\/\/smart-translate.info\/fr\/wp-json\/wp\/v2\/comments?post=316"}],"version-history":[{"count":3,"href":"https:\/\/smart-translate.info\/fr\/wp-json\/wp\/v2\/pages\/316\/revisions"}],"predecessor-version":[{"id":715,"href":"https:\/\/smart-translate.info\/fr\/wp-json\/wp\/v2\/pages\/316\/revisions\/715"}],"wp:attachment":[{"href":"https:\/\/smart-translate.info\/fr\/wp-json\/wp\/v2\/media?parent=316"}],"curies":[{"name":"wp","href":"https:\/\/api.w.org\/{rel}","templated":true}]}}