{"id":322,"date":"2015-02-25T14:34:12","date_gmt":"2015-02-25T14:34:12","guid":{"rendered":"https:\/\/smart-translate.info\/?page_id=322"},"modified":"2021-10-08T12:40:45","modified_gmt":"2021-10-08T12:40:45","slug":"mentions-legales","status":"publish","type":"page","link":"https:\/\/smart-translate.info\/fr\/mentions-legales\/","title":{"rendered":"Mentions l\u00e9gales"},"content":{"rendered":"<div class=\"panel-grid\" id=\"pg-322-0\" > <div class=\"panel-row-style-default panel-row-style\" ><div class=\"container\"><div class=\"panel-grid-cell\" id=\"pgc-322-0-0\" ><div class=\"panel-builder widget-builder widget_origin_spacer panel-first-child\" id=\"panel-322-0-0-0\"><div class=\"origin-widget origin-widget-spacer origin-widget-spacer-simple-blank\"><div style=\"margin-bottom:60px;\"><\/div>\n<\/div><\/div><div class=\"panel-builder widget-builder widget_origin_title\" id=\"panel-322-0-0-1\"><div class=\"origin-widget origin-widget-title origin-widget-title-simple-simple align-center text-noraml\"><h2  class=\"align-center\">\n\tMentions l\u00e9gales<\/h2>\n<\/div><\/div><div class=\"panel-builder widget-builder widget_origin_spacer panel-last-child\" id=\"panel-322-0-0-2\"><div class=\"origin-widget origin-widget-spacer origin-widget-spacer-simple-blank\"><div style=\"margin-bottom:30px;\"><\/div>\n<\/div><\/div><\/div><\/div><\/div><\/div><div class=\"panel-grid\" id=\"pg-322-1\" > <div class=\"panel-row-style-default panel-row-style\" ><div class=\"container\"><div class=\"panel-grid-cell\" id=\"pgc-322-1-0\" ><div class=\"well well-sm panel-builder widget-builder widget_text panel-first-child\" id=\"panel-322-1-0-0\">\t\t\t<div class=\"textwidget\"><h3>Mentions l\u00e9gales<\/h3>\n\n<p>Smart Translate<\/p>\n\n<p>Structure juridique : autoentrepreneur<\/p>\n\n<p>Si\u00e8ge : 22 rue des Champacs, 97438 Sainte Marie, R\u00e9union<\/p>\n\n<p>T\u00e9l\u00e9phone : 0262 58 19 15 <\/p>\n\n<p>E-mail : <a href=\"mailto:smartranslate@gmail.com\">smartranslate@gmail.com<\/a><\/p>\n\n<p>SIRET : 394 200 992 000 29<\/p>\n\n<p>Code APE : 7430Z<\/p>\n\n<p>Directeur de publication : Catharine Cellier-Smart<\/p>\n<\/div>\n\t\t<\/div><div class=\"panel-builder widget-builder widget_origin_spacer panel-last-child\" id=\"panel-322-1-0-1\"><div class=\"origin-widget origin-widget-spacer origin-widget-spacer-simple-blank\"><div style=\"margin-bottom:30px;\"><\/div>\n<\/div><\/div><\/div><div class=\"panel-grid-cell\" id=\"pgc-322-1-1\" ><div class=\"well well-sm panel-builder widget-builder widget_text panel-first-child\" id=\"panel-322-1-1-0\">\t\t\t<div class=\"textwidget\"><h3>H\u00e9bergement du site<\/h3>\n\n<p>OVH<\/p>\n\n<p>2 rue Kellermann - 59100 Roubaix - France<\/p>\n<\/div>\n\t\t<\/div><div class=\"well well-sm panel-builder widget-builder widget_text\" id=\"panel-322-1-1-1\">\t\t\t<div class=\"textwidget\"><h3>Droit d\u2019auteur<\/h3>\n\n<p>L\u2019ensemble des donn\u00e9es figurant sur les pages de ce site sont la propri\u00e9t\u00e9 exclusive de Catharine Cellier-Smart. Il est interdit  de publier, reproduire, ou rediffuser de quelque mani\u00e8re qu\u2019il soit tout ou partie du contenu de ce site internet.<\/p><\/div>\n\t\t<\/div><div class=\"panel-builder widget-builder widget_origin_spacer panel-last-child\" id=\"panel-322-1-1-2\"><div class=\"origin-widget origin-widget-spacer origin-widget-spacer-simple-blank\"><div style=\"margin-bottom:30px;\"><\/div>\n<\/div><\/div><\/div><\/div><\/div><\/div>","protected":false},"excerpt":{"rendered":"<p>Mentions l\u00e9gales Mentions l\u00e9gales Smart Translate Structure juridique : autoentrepreneur Si\u00e8ge : 22 rue des Champacs, 97438 Sainte Marie, R\u00e9union T\u00e9l\u00e9phone : 0262 58 19 15 E-mail : smartranslate@gmail.com SIRET : 394 200 992 000 29 Code APE : 7430Z Directeur de publication : Catharine Cellier-Smart H\u00e9bergement du site OVH 2 rue Kellermann &#8211; 59100 [&hellip;]<a class=\"\" title=\"Read more on Mentions l\u00e9gales\" href=\"https:\/\/smart-translate.info\/fr\/mentions-legales\/\"> Read more<\/a><\/p>\n","protected":false},"author":1,"featured_media":0,"parent":0,"menu_order":0,"comment_status":"closed","ping_status":"closed","template":"dikka-page-builder-title.php","meta":{"footnotes":""},"class_list":["post-322","page","type-page","status-publish","hentry"],"yoast_head":"<!-- This site is optimized with the Yoast SEO plugin v23.5 - https:\/\/yoast.com\/wordpress\/plugins\/seo\/ -->\n<title>Mentions l\u00e9gales - Smart Translate<\/title>\n<meta name=\"robots\" content=\"index, follow, max-snippet:-1, max-image-preview:large, max-video-preview:-1\" \/>\n<link rel=\"canonical\" href=\"https:\/\/smart-translate.info\/fr\/mentions-legales\/\" \/>\n<meta property=\"og:locale\" content=\"fr_FR\" \/>\n<meta property=\"og:type\" content=\"article\" \/>\n<meta property=\"og:title\" content=\"Mentions l\u00e9gales - Smart Translate\" \/>\n<meta property=\"og:description\" content=\"Mentions l\u00e9gales Mentions l\u00e9gales Smart Translate Structure juridique : autoentrepreneur Si\u00e8ge : 22 rue des Champacs, 97438 Sainte Marie, R\u00e9union T\u00e9l\u00e9phone : 0262 58 19 15 E-mail : smartranslate@gmail.com SIRET : 394 200 992 000 29 Code APE : 7430Z Directeur de publication : Catharine Cellier-Smart H\u00e9bergement du site OVH 2 rue Kellermann - 59100 [&hellip;]\" \/>\n<meta property=\"og:url\" content=\"https:\/\/smart-translate.info\/fr\/mentions-legales\/\" \/>\n<meta property=\"og:site_name\" content=\"Smart Translate\" \/>\n<meta property=\"article:publisher\" content=\"https:\/\/www.facebook.com\/Smartranslate\" \/>\n<meta property=\"article:modified_time\" content=\"2021-10-08T12:40:45+00:00\" \/>\n<script type=\"application\/ld+json\" class=\"yoast-schema-graph\">{\"@context\":\"https:\/\/schema.org\",\"@graph\":[{\"@type\":\"WebPage\",\"@id\":\"https:\/\/smart-translate.info\/fr\/mentions-legales\/\",\"url\":\"https:\/\/smart-translate.info\/fr\/mentions-legales\/\",\"name\":\"Mentions l\u00e9gales - Smart Translate\",\"isPartOf\":{\"@id\":\"https:\/\/smart-translate.info\/#website\"},\"datePublished\":\"2015-02-25T14:34:12+00:00\",\"dateModified\":\"2021-10-08T12:40:45+00:00\",\"breadcrumb\":{\"@id\":\"https:\/\/smart-translate.info\/fr\/mentions-legales\/#breadcrumb\"},\"inLanguage\":\"fr-FR\",\"potentialAction\":[{\"@type\":\"ReadAction\",\"target\":[\"https:\/\/smart-translate.info\/fr\/mentions-legales\/\"]}]},{\"@type\":\"BreadcrumbList\",\"@id\":\"https:\/\/smart-translate.info\/fr\/mentions-legales\/#breadcrumb\",\"itemListElement\":[{\"@type\":\"ListItem\",\"position\":1,\"name\":\"Home\",\"item\":\"https:\/\/smart-translate.info\/fr\/\"},{\"@type\":\"ListItem\",\"position\":2,\"name\":\"Mentions l\u00e9gales\"}]},{\"@type\":\"WebSite\",\"@id\":\"https:\/\/smart-translate.info\/#website\",\"url\":\"https:\/\/smart-translate.info\/\",\"name\":\"Smart Translate\",\"description\":\"French to English translations\",\"publisher\":{\"@id\":\"https:\/\/smart-translate.info\/#organization\"},\"potentialAction\":[{\"@type\":\"SearchAction\",\"target\":{\"@type\":\"EntryPoint\",\"urlTemplate\":\"https:\/\/smart-translate.info\/?s={search_term_string}\"},\"query-input\":{\"@type\":\"PropertyValueSpecification\",\"valueRequired\":true,\"valueName\":\"search_term_string\"}}],\"inLanguage\":\"fr-FR\"},{\"@type\":\"Organization\",\"@id\":\"https:\/\/smart-translate.info\/#organization\",\"name\":\"Smart Translate\",\"url\":\"https:\/\/smart-translate.info\/\",\"logo\":{\"@type\":\"ImageObject\",\"inLanguage\":\"fr-FR\",\"@id\":\"https:\/\/smart-translate.info\/#\/schema\/logo\/image\/\",\"url\":\"https:\/\/smart-translate.info\/wp-content\/uploads\/2021\/01\/Smart-Translate-LOGO-Grand.jpg\",\"contentUrl\":\"https:\/\/smart-translate.info\/wp-content\/uploads\/2021\/01\/Smart-Translate-LOGO-Grand.jpg\",\"width\":1525,\"height\":750,\"caption\":\"Smart Translate\"},\"image\":{\"@id\":\"https:\/\/smart-translate.info\/#\/schema\/logo\/image\/\"},\"sameAs\":[\"https:\/\/www.facebook.com\/Smartranslate\",\"https:\/\/x.com\/Smart_Translate\",\"https:\/\/www.instagram.com\/smart.translate\/\",\"https:\/\/www.linkedin.com\/company\/smart-translate\",\"https:\/\/www.youtube.com\/channel\/UCA4qavnGhBpTtp1ut6qy-3w\"]}]}<\/script>\n<!-- \/ Yoast SEO plugin. -->","yoast_head_json":{"title":"Mentions l\u00e9gales - Smart Translate","robots":{"index":"index","follow":"follow","max-snippet":"max-snippet:-1","max-image-preview":"max-image-preview:large","max-video-preview":"max-video-preview:-1"},"canonical":"https:\/\/smart-translate.info\/fr\/mentions-legales\/","og_locale":"fr_FR","og_type":"article","og_title":"Mentions l\u00e9gales - Smart Translate","og_description":"Mentions l\u00e9gales Mentions l\u00e9gales Smart Translate Structure juridique : autoentrepreneur Si\u00e8ge : 22 rue des Champacs, 97438 Sainte Marie, R\u00e9union T\u00e9l\u00e9phone : 0262 58 19 15 E-mail : smartranslate@gmail.com SIRET : 394 200 992 000 29 Code APE : 7430Z Directeur de publication : Catharine Cellier-Smart H\u00e9bergement du site OVH 2 rue Kellermann - 59100 [&hellip;]","og_url":"https:\/\/smart-translate.info\/fr\/mentions-legales\/","og_site_name":"Smart Translate","article_publisher":"https:\/\/www.facebook.com\/Smartranslate","article_modified_time":"2021-10-08T12:40:45+00:00","schema":{"@context":"https:\/\/schema.org","@graph":[{"@type":"WebPage","@id":"https:\/\/smart-translate.info\/fr\/mentions-legales\/","url":"https:\/\/smart-translate.info\/fr\/mentions-legales\/","name":"Mentions l\u00e9gales - Smart Translate","isPartOf":{"@id":"https:\/\/smart-translate.info\/#website"},"datePublished":"2015-02-25T14:34:12+00:00","dateModified":"2021-10-08T12:40:45+00:00","breadcrumb":{"@id":"https:\/\/smart-translate.info\/fr\/mentions-legales\/#breadcrumb"},"inLanguage":"fr-FR","potentialAction":[{"@type":"ReadAction","target":["https:\/\/smart-translate.info\/fr\/mentions-legales\/"]}]},{"@type":"BreadcrumbList","@id":"https:\/\/smart-translate.info\/fr\/mentions-legales\/#breadcrumb","itemListElement":[{"@type":"ListItem","position":1,"name":"Home","item":"https:\/\/smart-translate.info\/fr\/"},{"@type":"ListItem","position":2,"name":"Mentions l\u00e9gales"}]},{"@type":"WebSite","@id":"https:\/\/smart-translate.info\/#website","url":"https:\/\/smart-translate.info\/","name":"Smart Translate","description":"French to English translations","publisher":{"@id":"https:\/\/smart-translate.info\/#organization"},"potentialAction":[{"@type":"SearchAction","target":{"@type":"EntryPoint","urlTemplate":"https:\/\/smart-translate.info\/?s={search_term_string}"},"query-input":{"@type":"PropertyValueSpecification","valueRequired":true,"valueName":"search_term_string"}}],"inLanguage":"fr-FR"},{"@type":"Organization","@id":"https:\/\/smart-translate.info\/#organization","name":"Smart Translate","url":"https:\/\/smart-translate.info\/","logo":{"@type":"ImageObject","inLanguage":"fr-FR","@id":"https:\/\/smart-translate.info\/#\/schema\/logo\/image\/","url":"https:\/\/smart-translate.info\/wp-content\/uploads\/2021\/01\/Smart-Translate-LOGO-Grand.jpg","contentUrl":"https:\/\/smart-translate.info\/wp-content\/uploads\/2021\/01\/Smart-Translate-LOGO-Grand.jpg","width":1525,"height":750,"caption":"Smart Translate"},"image":{"@id":"https:\/\/smart-translate.info\/#\/schema\/logo\/image\/"},"sameAs":["https:\/\/www.facebook.com\/Smartranslate","https:\/\/x.com\/Smart_Translate","https:\/\/www.instagram.com\/smart.translate\/","https:\/\/www.linkedin.com\/company\/smart-translate","https:\/\/www.youtube.com\/channel\/UCA4qavnGhBpTtp1ut6qy-3w"]}]}},"_links":{"self":[{"href":"https:\/\/smart-translate.info\/fr\/wp-json\/wp\/v2\/pages\/322"}],"collection":[{"href":"https:\/\/smart-translate.info\/fr\/wp-json\/wp\/v2\/pages"}],"about":[{"href":"https:\/\/smart-translate.info\/fr\/wp-json\/wp\/v2\/types\/page"}],"author":[{"embeddable":true,"href":"https:\/\/smart-translate.info\/fr\/wp-json\/wp\/v2\/users\/1"}],"replies":[{"embeddable":true,"href":"https:\/\/smart-translate.info\/fr\/wp-json\/wp\/v2\/comments?post=322"}],"version-history":[{"count":3,"href":"https:\/\/smart-translate.info\/fr\/wp-json\/wp\/v2\/pages\/322\/revisions"}],"predecessor-version":[{"id":434,"href":"https:\/\/smart-translate.info\/fr\/wp-json\/wp\/v2\/pages\/322\/revisions\/434"}],"wp:attachment":[{"href":"https:\/\/smart-translate.info\/fr\/wp-json\/wp\/v2\/media?parent=322"}],"curies":[{"name":"wp","href":"https:\/\/api.w.org\/{rel}","templated":true}]}}